{"id":10,"date":"2014-09-07T13:07:16","date_gmt":"2014-09-07T13:07:16","guid":{"rendered":"http:\/\/chateaudedigoine.fr\/?page_id=10"},"modified":"2026-03-02T09:10:17","modified_gmt":"2026-03-02T09:10:17","slug":"visiter-digoine","status":"publish","type":"page","link":"http:\/\/chateaudedigoine.fr\/en\/visiter-digoine\/","title":{"rendered":"Visit"},"content":{"rendered":"<hr class=\"wp-block-separator has-css-opacity is-style-wide\"\/>\n\n\n<div style=\"text-align: center;\">\n<p><iframe loading=\"lazy\" title=\"Plongez au 18e si\u00e8cle au ch\u00e2teau de Digoine \u00e0 Palinges, en Sa\u00f4ne-et-Loire\" width=\"750\" height=\"422\" src=\"https:\/\/www.youtube.com\/embed\/rJiehT9rW20?feature=oembed\" frameborder=\"0\" allow=\"accelerometer; autoplay; clipboard-write; encrypted-media; gyroscope; picture-in-picture; web-share\" referrerpolicy=\"strict-origin-when-cross-origin\" allowfullscreen><\/iframe><\/p>\n<p style=\"text-align: center;\"><a href=\"https:\/\/france3-regions.francetvinfo.fr\/bourgogne-franche-comte\/vacances-pres-vous-plongez-au-18e-siecle-au-chateau-digoine-palinges-saone-loire-1841570.html\">D\u00e9couvrez l\u2019int\u00e9gralit\u00e9 du reportage de France 3 Bourgogne sur le Ch\u00e2teau de Digoine<\/a><\/p>\n<hr \/>\n<p><a href=\"http:\/\/chateaudedigoine.fr\/wp-content\/uploads\/2026\/03\/brochure_2026_020226_21X10_anim_01-scaled.jpg\"><img loading=\"lazy\" decoding=\"async\" src=\"http:\/\/chateaudedigoine.fr\/wp-content\/uploads\/2026\/03\/brochure_2026_020226_21X10_anim_01-1024x717.jpg\" alt=\"brochure_2026_volet_1\" width=\"750\" height=\"525\" class=\"size-large wp-image-2320 aligncenter\" srcset=\"http:\/\/chateaudedigoine.fr\/wp-content\/uploads\/2026\/03\/brochure_2026_020226_21X10_anim_01-1024x717.jpg 1024w, http:\/\/chateaudedigoine.fr\/wp-content\/uploads\/2026\/03\/brochure_2026_020226_21X10_anim_01-300x210.jpg 300w, http:\/\/chateaudedigoine.fr\/wp-content\/uploads\/2026\/03\/brochure_2026_020226_21X10_anim_01-768x537.jpg 768w, http:\/\/chateaudedigoine.fr\/wp-content\/uploads\/2026\/03\/brochure_2026_020226_21X10_anim_01-1536x1075.jpg 1536w, http:\/\/chateaudedigoine.fr\/wp-content\/uploads\/2026\/03\/brochure_2026_020226_21X10_anim_01-2048x1433.jpg 2048w, http:\/\/chateaudedigoine.fr\/wp-content\/uploads\/2026\/03\/brochure_2026_020226_21X10_anim_01-18x12.jpg 18w\" sizes=\"auto, (max-width: 750px) 100vw, 750px\" \/><\/a> <a href=\"http:\/\/chateaudedigoine.fr\/wp-content\/uploads\/2026\/03\/brochure_2026_020226_21X10_anim_02-scaled.jpg\"><img loading=\"lazy\" decoding=\"async\" src=\"http:\/\/chateaudedigoine.fr\/wp-content\/uploads\/2026\/03\/brochure_2026_020226_21X10_anim_02-1024x717.jpg\" alt=\"brochure-_2026_volet_2\" width=\"750\" height=\"525\" class=\"size-large wp-image-2321 aligncenter\" srcset=\"http:\/\/chateaudedigoine.fr\/wp-content\/uploads\/2026\/03\/brochure_2026_020226_21X10_anim_02-1024x717.jpg 1024w, http:\/\/chateaudedigoine.fr\/wp-content\/uploads\/2026\/03\/brochure_2026_020226_21X10_anim_02-300x210.jpg 300w, http:\/\/chateaudedigoine.fr\/wp-content\/uploads\/2026\/03\/brochure_2026_020226_21X10_anim_02-768x538.jpg 768w, http:\/\/chateaudedigoine.fr\/wp-content\/uploads\/2026\/03\/brochure_2026_020226_21X10_anim_02-1536x1075.jpg 1536w, http:\/\/chateaudedigoine.fr\/wp-content\/uploads\/2026\/03\/brochure_2026_020226_21X10_anim_02-2048x1434.jpg 2048w, http:\/\/chateaudedigoine.fr\/wp-content\/uploads\/2026\/03\/brochure_2026_020226_21X10_anim_02-18x12.jpg 18w\" sizes=\"auto, (max-width: 750px) 100vw, 750px\" \/><\/a><\/p>\n<hr \/>\n<p style=\"text-align: center;\"><span style=\"color: #008080;\"><strong>TARIFS DES VISITES (SAISON 2026)<br \/><\/strong><\/span><\/p>\n<hr \/>\n<p><strong>C<\/strong><b>h\u00e2teau, th\u00e9\u00e2tre et jardins adulte : <\/b><span style=\"color: #ff0000;\"><b>14\u20ac<\/b><\/span><\/p>\n<p><b>Ch\u00e2teau, th\u00e9\u00e2tre et jardins adulte <\/b><b>tarif r\u00e9duit : <\/b><b><span style=\"color: #ff0000;\">12\u20ac<\/span><\/b><\/p>\n<p><i>(<\/i><i>groupe, \u00e9tudiant, demandeur d\u2019emploi<\/i><i>)<\/i><\/p>\n<p><b>Ch\u00e2teau, th\u00e9\u00e2tre et jardins enfant <\/b><b>(de 7 \u00e0 12 ans) et personne en situation de handicap : <span style=\"color: #ff0000;\">7\u20ac<\/span><\/b><\/p>\n<p><b>Jardins uniquement adulte : <span style=\"color: #ff0000;\">7<\/span><\/b><span style=\"color: #ff0000;\"><b>\u20ac<\/b><\/span><\/p>\n<p><b>Jardins uniquement enfant (de 7 \u00e0 12 ans) et personne en situation de handicap : <span style=\"color: #ff0000;\">5<\/span><\/b><span style=\"color: #ff0000;\"><b>\u20ac<\/b><\/span><\/p>\n<p>Gratuit pour les enfants de moins de 7 ans<\/p>\n<p><span style=\"color: #ff0000;\"><strong>ATTENTION : les r\u00e8glements par carte bancaire ne sont pas accept\u00e9s.<\/strong><\/span><\/p>\n<p><a href=\"http:\/\/chateaudedigoine.fr\/wp-content\/uploads\/2024\/02\/pas_de_cb.jpg\"><img loading=\"lazy\" decoding=\"async\" src=\"http:\/\/chateaudedigoine.fr\/wp-content\/uploads\/2024\/02\/pas_de_cb-150x150.jpg\" alt=\"\" width=\"150\" height=\"150\" class=\"alignnone size-thumbnail wp-image-1979\" srcset=\"http:\/\/chateaudedigoine.fr\/wp-content\/uploads\/2024\/02\/pas_de_cb-150x150.jpg 150w, http:\/\/chateaudedigoine.fr\/wp-content\/uploads\/2024\/02\/pas_de_cb-300x300.jpg 300w, http:\/\/chateaudedigoine.fr\/wp-content\/uploads\/2024\/02\/pas_de_cb-768x768.jpg 768w, http:\/\/chateaudedigoine.fr\/wp-content\/uploads\/2024\/02\/pas_de_cb-12x12.jpg 12w, http:\/\/chateaudedigoine.fr\/wp-content\/uploads\/2024\/02\/pas_de_cb.jpg 900w\" sizes=\"auto, (max-width: 150px) 100vw, 150px\" \/><\/a><\/p>\n<hr \/>\n<p style=\"text-align: center;\"><span style=\"color: #008080;\"><b>HORAIRES DES VISITES (SAISON 2026)<br \/><\/b><\/span><\/p>\n<hr \/>\n<p><b>Du 01\/01 au 03\/04, du 20\/04 au 30\/04, du 02\/11 au 31\/12 : <\/b><span style=\"color: #ff0000;\"><b>Ferm\u00e9<\/b><\/span><\/p>\n<p>&#x2666;<\/p>\n<p><b>\u00a0<\/b><b>Du 04\/04 au 30\/04 :<\/b> <span style=\"color: #ff0000;\"><b>de 10h \u00e0 12h et de 14h \u00e0 17h30<\/b><\/span><\/p>\n<p><i>Visites guid\u00e9es du ch\u00e2teau \u00e0 10h30 et 15h30. <\/i><span style=\"color: #ff0000;\"><b>Ferm\u00e9 le lundi et le mardi<\/b><\/span><\/p>\n<p>&#x2666;<\/p>\n<p><i>\u00a0<\/i><b>Du 01\/05 au 30\/06 : <\/b><span style=\"color: #ff0000;\"><b>de 10h \u00e0 12h et de 14h \u00e0 18h*<\/b><\/span><\/p>\n<p><i>\u00a0\u00a0\u00a0\u00a0\u00a0 Visites guid\u00e9es du ch\u00e2teau \u00e0 10h30, 14h30, <\/i><i>15h30 et 16h30. <\/i><span style=\"color: #ff0000;\"><b>Ferm\u00e9 le lundi<\/b><\/span><\/p>\n<p><span style=\"color: #ff0000;\"><b>*Les mardis et jeudis du 05 mai au 25 juin inclus\u00a0 sont r\u00e9serv\u00e9s aux \u00e9coles. Domaine ferm\u00e9 au <\/b><\/span><span style=\"color: #ff0000;\"><b>public sur ces journ\u00e9es.<\/b><\/span><\/p>\n<p>&#x2666;<\/p>\n<p><b>Du 01\/07 au 31\/08 : <\/b><span style=\"color: #ff0000;\"><b>de 10h \u00e0 18h30<\/b><\/span><\/p>\n<p><i>\u00a0\u00a0\u00a0\u00a0\u00a0 Visites guid\u00e9es du ch\u00e2teau \u00e0 10h30, 11h30,<\/i><i>14h, 15h, 16h et 17h.<\/i><\/p>\n<p><span style=\"color: #ff0000;\">Le samedi et le dimanche, la visite guid\u00e9e de 17h sera uniquement en cat\u00e9gorie \u00ab privil\u00e8ge \u00bb et sur r\u00e9servation<b>. <\/b><\/span><\/p>\n<p><span style=\"color: #ff0000;\"><b>Ferm\u00e9 le lundi<\/b><\/span><\/p>\n<p><i>\u00a0\u00a0 &#x2666;\u00a0\u00a0 <\/i><\/p>\n<p><b>Du 01\/09 au 30\/09 : <\/b><span style=\"color: #ff0000;\"><b>de 10h \u00e0 12h et de 14h \u00e0 18h<\/b><\/span><\/p>\n<p><i>\u00a0\u00a0\u00a0\u00a0\u00a0 Visite guid\u00e9e \u00e0 10h30, 14h30 et 16h30.<\/i><\/p>\n<p><span style=\"color: #ff0000;\"><b>\u00a0\u00a0\u00a0\u00a0\u00a0\u00a0 <\/b><b>Ferm\u00e9 le lundi et le mardi<\/b><\/span><\/p>\n<p><i> &#x2666;<\/i><\/p>\n<p><b>Du 01\/10 au 01\/11 : <\/b><span style=\"color: #ff0000;\"><b>de 10h \u00e0 12h et de 14h \u00e0 17h30<\/b><\/span><\/p>\n<p><i>\u00a0\u00a0\u00a0\u00a0\u00a0 Visites guid\u00e9es \u00e0 10h30 et 15h30.<\/i><\/p>\n<p><span style=\"color: #ff0000;\"><i>\u00a0\u00a0\u00a0\u00a0\u00a0\u00a0 <\/i><b>Ferm\u00e9 le lundi et le mardi<\/b><\/span><\/p>\n<p><b> &#x2666;<\/b><\/p>\n<p><i>\u00a0<\/i>Sauf mention contraire, <span style=\"color: #ff0000;\"><b>les visites du ch\u00e2teau et du th\u00e9\u00e2tre sont uniquement guid\u00e9es. <\/b><\/span>Une r\u00e9servation pr\u00e9alable est conseill\u00e9e pour les groupes \u00e0 partir de 10 personnes. <b>En cas d\u2019\u00e9v\u00e9nement particulier, les horaires et les jours d\u2019ouverture sont susceptibles d\u2019\u00eatre modifi\u00e9s.<\/b><\/p>\n<p><\/p>\n<br \/><hr \/><\/div>\n<p style=\"text-align: center;\"><span style=\"color: #000000;\"><strong>\u00c9COLES<\/strong><\/span><\/p>\n<p style=\"text-align: center;\"><span style=\"color: #008080;\"><strong>Notre \u00e9quipe propose aux \u00e9l\u00e8ves une d\u00e9couverte personnalis\u00e9e de ce joyau du XVIIIe si\u00e8cle !<\/strong><\/span><\/p>\n<ul>\n<li><span style=\"color: #000000;\"><strong>Visite ludique et p\u00e9dagogique du ch\u00e2teau<\/strong><strong><\/strong><\/span><\/li>\n<li><span style=\"color: #000000;\"><strong>Initiation \u00e0 l&rsquo;h\u00e9raldique<\/strong><\/span><\/li>\n<li><span style=\"color: #000000;\"><strong>D\u00e9couverte de la Faune et de la Flore<\/strong><\/span><\/li>\n<li><span style=\"color: #000000;\"><strong>Arts de la table au XVIII<sup>e<\/sup> si\u00e8cle<br \/><\/strong><\/span><\/li>\n<li><span style=\"color: #000000;\"><strong>Atelier roulement pour les plus petits (h\u00e9raldique, puzzles, jeu de cartes)<br \/><\/strong><\/span><\/li>\n<\/ul>\n<p style=\"text-align: center;\"><span style=\"color: #000000;\">Les visites et les ateliers propos\u00e9s par le Ch\u00e2teau de Digoine sont adapt\u00e9s pour \u00eatre accessibles aux \u00e9l\u00e8ves de la maternelle au coll\u00e8ge.<\/span><\/p>\n<p style=\"text-align: center;\"><a href=\"\/en\/_wp_link_placeholder\/\" data-wplink-edit=\"true\"><\/a><a href=\"http:\/\/chateaudedigoine.fr\/wp-content\/uploads\/2026\/03\/Ateliers_2026.pdf\">T\u00e9l\u00e9charger la brochure des \u00e9coles 2026<\/a><\/p>\n<div style=\"text-align: justify;\"><hr \/>\n<p style=\"text-align: center;\">Les chiens tenus en laisse sont accept\u00e9s dans les jardins et le parc du ch\u00e2teau.<\/p>\n<hr \/>\n<p><a href=\"http:\/\/chateaudedigoine.fr\/wp-content\/uploads\/2016\/04\/IMG_6034.jpg\" rel=\"attachment wp-att-193\"><img loading=\"lazy\" decoding=\"async\" class=\"alignnone wp-image-193 size-full\" src=\"http:\/\/chateaudedigoine.fr\/wp-content\/uploads\/2016\/04\/IMG_6034.jpg\" alt=\"Les visites du ch\u00e2teau sont coment\u00e9es par des guides exp\u00e9riment\u00e9s.\" width=\"3264\" height=\"2448\" srcset=\"http:\/\/chateaudedigoine.fr\/wp-content\/uploads\/2016\/04\/IMG_6034.jpg 3264w, http:\/\/chateaudedigoine.fr\/wp-content\/uploads\/2016\/04\/IMG_6034-300x225.jpg 300w, http:\/\/chateaudedigoine.fr\/wp-content\/uploads\/2016\/04\/IMG_6034-768x576.jpg 768w, http:\/\/chateaudedigoine.fr\/wp-content\/uploads\/2016\/04\/IMG_6034-1024x768.jpg 1024w\" sizes=\"auto, (max-width: 3264px) 100vw, 3264px\" \/><\/a><\/p>\n<\/div>\n\n\n<p style=\"text-align: center;\">\u00c0 bient\u00f4t au Ch\u00e2teau de Digoine !<\/p>\n\n\n\n<hr \/>\n<p style=\"text-align: center;\"><a href=\"http:\/\/chateaudedigoine.fr\/en\/\">Back to the homepage<\/a><\/p>\n\n\n\n<p><\/p>","protected":false},"excerpt":{"rendered":"<p>D\u00e9couvrez l\u2019int\u00e9gralit\u00e9 du reportage de France 3 Bourgogne sur le Ch\u00e2teau de Digoine TARIFS DES VISITES (SAISON 2026) Ch\u00e2teau, th\u00e9\u00e2tre et jardins adulte : 14\u20ac Ch\u00e2teau, th\u00e9\u00e2tre et jardins adulte tarif r\u00e9duit : 12\u20ac (groupe, \u00e9tudiant, demandeur d\u2019emploi) Ch\u00e2teau, th\u00e9\u00e2tre et jardins enfant (de 7 \u00e0 12 ans) et personne [&hellip;]<\/p>\n","protected":false},"author":1,"featured_media":0,"parent":0,"menu_order":0,"comment_status":"closed","ping_status":"open","template":"","meta":{"footnotes":""},"class_list":["post-10","page","type-page","status-publish","hentry"],"yoast_head":"<!-- This site is optimized with the Yoast SEO plugin v27.0 - https:\/\/yoast.com\/product\/yoast-seo-wordpress\/ -->\n<title>Tarifs et horaires des visites du Ch\u00e2teau et des Jardins de Digoine<\/title>\n<meta name=\"description\" content=\"Le ch\u00e2teau et les jardins sont ouverts tous les jours du 22\/05 au 31\/10. Les visites sont guid\u00e9es pour le ch\u00e2teau et libres pour les jardins.\" \/>\n<meta name=\"robots\" content=\"index, follow, max-snippet:-1, max-image-preview:large, max-video-preview:-1\" \/>\n<link rel=\"canonical\" href=\"http:\/\/chateaudedigoine.fr\/en\/visiter-digoine\/\" \/>\n<meta property=\"og:locale\" content=\"en_GB\" \/>\n<meta property=\"og:type\" content=\"article\" \/>\n<meta property=\"og:title\" content=\"Tarifs et horaires des visites du Ch\u00e2teau et des Jardins de Digoine\" \/>\n<meta property=\"og:description\" content=\"Le ch\u00e2teau et les jardins sont ouverts tous les jours du 22\/05 au 31\/10. Les visites sont guid\u00e9es pour le ch\u00e2teau et libres pour les jardins.\" \/>\n<meta property=\"og:url\" content=\"http:\/\/chateaudedigoine.fr\/en\/visiter-digoine\/\" \/>\n<meta property=\"og:site_name\" content=\"Ch\u00e2teau de Digoine\" \/>\n<meta property=\"article:publisher\" content=\"https:\/\/fr-fr.facebook.com\/chateaudedigoine\/\" \/>\n<meta property=\"article:modified_time\" content=\"2026-03-02T09:10:17+00:00\" \/>\n<meta property=\"og:image\" content=\"http:\/\/chateaudedigoine.fr\/wp-content\/uploads\/2026\/03\/brochure_2026_020226_21X10_anim_01-scaled.jpg\" \/>\n\t<meta property=\"og:image:width\" content=\"2560\" \/>\n\t<meta property=\"og:image:height\" content=\"1791\" \/>\n\t<meta property=\"og:image:type\" content=\"image\/jpeg\" \/>\n<meta name=\"twitter:card\" content=\"summary_large_image\" \/>\n<meta name=\"twitter:label1\" content=\"Estimated reading time\" \/>\n\t<meta name=\"twitter:data1\" content=\"4 minutes\" \/>\n<script type=\"application\/ld+json\" class=\"yoast-schema-graph\">{\"@context\":\"https:\/\/schema.org\",\"@graph\":[{\"@type\":\"WebPage\",\"@id\":\"http:\/\/chateaudedigoine.fr\/visiter-digoine\/\",\"url\":\"http:\/\/chateaudedigoine.fr\/visiter-digoine\/\",\"name\":\"Tarifs et horaires des visites du Ch\u00e2teau et des Jardins de Digoine\",\"isPartOf\":{\"@id\":\"http:\/\/chateaudedigoine.fr\/#website\"},\"primaryImageOfPage\":{\"@id\":\"http:\/\/chateaudedigoine.fr\/visiter-digoine\/#primaryimage\"},\"image\":{\"@id\":\"http:\/\/chateaudedigoine.fr\/visiter-digoine\/#primaryimage\"},\"thumbnailUrl\":\"http:\/\/chateaudedigoine.fr\/wp-content\/uploads\/2026\/03\/brochure_2026_020226_21X10_anim_01-1024x717.jpg\",\"datePublished\":\"2014-09-07T13:07:16+00:00\",\"dateModified\":\"2026-03-02T09:10:17+00:00\",\"description\":\"Le ch\u00e2teau et les jardins sont ouverts tous les jours du 22\/05 au 31\/10. Les visites sont guid\u00e9es pour le ch\u00e2teau et libres pour les jardins.\",\"breadcrumb\":{\"@id\":\"http:\/\/chateaudedigoine.fr\/visiter-digoine\/#breadcrumb\"},\"inLanguage\":\"en-GB\",\"potentialAction\":[{\"@type\":\"ReadAction\",\"target\":[\"http:\/\/chateaudedigoine.fr\/visiter-digoine\/\"]}]},{\"@type\":\"ImageObject\",\"inLanguage\":\"en-GB\",\"@id\":\"http:\/\/chateaudedigoine.fr\/visiter-digoine\/#primaryimage\",\"url\":\"http:\/\/chateaudedigoine.fr\/wp-content\/uploads\/2026\/03\/brochure_2026_020226_21X10_anim_01-1024x717.jpg\",\"contentUrl\":\"http:\/\/chateaudedigoine.fr\/wp-content\/uploads\/2026\/03\/brochure_2026_020226_21X10_anim_01-1024x717.jpg\"},{\"@type\":\"BreadcrumbList\",\"@id\":\"http:\/\/chateaudedigoine.fr\/visiter-digoine\/#breadcrumb\",\"itemListElement\":[{\"@type\":\"ListItem\",\"position\":1,\"name\":\"Accueil\",\"item\":\"http:\/\/chateaudedigoine.fr\/\"},{\"@type\":\"ListItem\",\"position\":2,\"name\":\"Visite\"}]},{\"@type\":\"WebSite\",\"@id\":\"http:\/\/chateaudedigoine.fr\/#website\",\"url\":\"http:\/\/chateaudedigoine.fr\/\",\"name\":\"Ch\u00e2teau de Digoine\",\"description\":\"La Perle du Charolais\",\"publisher\":{\"@id\":\"http:\/\/chateaudedigoine.fr\/#organization\"},\"potentialAction\":[{\"@type\":\"SearchAction\",\"target\":{\"@type\":\"EntryPoint\",\"urlTemplate\":\"http:\/\/chateaudedigoine.fr\/?s={search_term_string}\"},\"query-input\":{\"@type\":\"PropertyValueSpecification\",\"valueRequired\":true,\"valueName\":\"search_term_string\"}}],\"inLanguage\":\"en-GB\"},{\"@type\":\"Organization\",\"@id\":\"http:\/\/chateaudedigoine.fr\/#organization\",\"name\":\"Ch\u00e2teau de Digoine\",\"url\":\"http:\/\/chateaudedigoine.fr\/\",\"logo\":{\"@type\":\"ImageObject\",\"inLanguage\":\"en-GB\",\"@id\":\"http:\/\/chateaudedigoine.fr\/#\/schema\/logo\/image\/\",\"url\":\"http:\/\/chateaudedigoine.fr\/wp-content\/uploads\/2019\/09\/logo_xl_jpg_brut-e1567431766367.jpg\",\"contentUrl\":\"http:\/\/chateaudedigoine.fr\/wp-content\/uploads\/2019\/09\/logo_xl_jpg_brut-e1567431766367.jpg\",\"width\":750,\"height\":550,\"caption\":\"Ch\u00e2teau de Digoine\"},\"image\":{\"@id\":\"http:\/\/chateaudedigoine.fr\/#\/schema\/logo\/image\/\"},\"sameAs\":[\"https:\/\/fr-fr.facebook.com\/chateaudedigoine\/\",\"https:\/\/www.instagram.com\/chateaudedigoine\/\",\"https:\/\/www.youtube.com\/watch?v=rJiehT9rW20\",\"https:\/\/fr.wikipedia.org\/wiki\/Ch\u00e2teau_de_Digoine_(Palinges)\"]}]}<\/script>\n<!-- \/ Yoast SEO plugin. -->","yoast_head_json":{"title":"Tarifs et horaires des visites du Ch\u00e2teau et des Jardins de Digoine","description":"Le ch\u00e2teau et les jardins sont ouverts tous les jours du 22\/05 au 31\/10. Les visites sont guid\u00e9es pour le ch\u00e2teau et libres pour les jardins.","robots":{"index":"index","follow":"follow","max-snippet":"max-snippet:-1","max-image-preview":"max-image-preview:large","max-video-preview":"max-video-preview:-1"},"canonical":"http:\/\/chateaudedigoine.fr\/en\/visiter-digoine\/","og_locale":"en_GB","og_type":"article","og_title":"Tarifs et horaires des visites du Ch\u00e2teau et des Jardins de Digoine","og_description":"Le ch\u00e2teau et les jardins sont ouverts tous les jours du 22\/05 au 31\/10. Les visites sont guid\u00e9es pour le ch\u00e2teau et libres pour les jardins.","og_url":"http:\/\/chateaudedigoine.fr\/en\/visiter-digoine\/","og_site_name":"Ch\u00e2teau de Digoine","article_publisher":"https:\/\/fr-fr.facebook.com\/chateaudedigoine\/","article_modified_time":"2026-03-02T09:10:17+00:00","og_image":[{"width":2560,"height":1791,"url":"http:\/\/chateaudedigoine.fr\/wp-content\/uploads\/2026\/03\/brochure_2026_020226_21X10_anim_01-scaled.jpg","type":"image\/jpeg"}],"twitter_card":"summary_large_image","twitter_misc":{"Estimated reading time":"4 minutes"},"schema":{"@context":"https:\/\/schema.org","@graph":[{"@type":"WebPage","@id":"http:\/\/chateaudedigoine.fr\/visiter-digoine\/","url":"http:\/\/chateaudedigoine.fr\/visiter-digoine\/","name":"Tarifs et horaires des visites du Ch\u00e2teau et des Jardins de Digoine","isPartOf":{"@id":"http:\/\/chateaudedigoine.fr\/#website"},"primaryImageOfPage":{"@id":"http:\/\/chateaudedigoine.fr\/visiter-digoine\/#primaryimage"},"image":{"@id":"http:\/\/chateaudedigoine.fr\/visiter-digoine\/#primaryimage"},"thumbnailUrl":"http:\/\/chateaudedigoine.fr\/wp-content\/uploads\/2026\/03\/brochure_2026_020226_21X10_anim_01-1024x717.jpg","datePublished":"2014-09-07T13:07:16+00:00","dateModified":"2026-03-02T09:10:17+00:00","description":"Le ch\u00e2teau et les jardins sont ouverts tous les jours du 22\/05 au 31\/10. Les visites sont guid\u00e9es pour le ch\u00e2teau et libres pour les jardins.","breadcrumb":{"@id":"http:\/\/chateaudedigoine.fr\/visiter-digoine\/#breadcrumb"},"inLanguage":"en-GB","potentialAction":[{"@type":"ReadAction","target":["http:\/\/chateaudedigoine.fr\/visiter-digoine\/"]}]},{"@type":"ImageObject","inLanguage":"en-GB","@id":"http:\/\/chateaudedigoine.fr\/visiter-digoine\/#primaryimage","url":"http:\/\/chateaudedigoine.fr\/wp-content\/uploads\/2026\/03\/brochure_2026_020226_21X10_anim_01-1024x717.jpg","contentUrl":"http:\/\/chateaudedigoine.fr\/wp-content\/uploads\/2026\/03\/brochure_2026_020226_21X10_anim_01-1024x717.jpg"},{"@type":"BreadcrumbList","@id":"http:\/\/chateaudedigoine.fr\/visiter-digoine\/#breadcrumb","itemListElement":[{"@type":"ListItem","position":1,"name":"Accueil","item":"http:\/\/chateaudedigoine.fr\/"},{"@type":"ListItem","position":2,"name":"Visite"}]},{"@type":"WebSite","@id":"http:\/\/chateaudedigoine.fr\/#website","url":"http:\/\/chateaudedigoine.fr\/","name":"Castle of Digoine","description":"The Pearl of Charolais","publisher":{"@id":"http:\/\/chateaudedigoine.fr\/#organization"},"potentialAction":[{"@type":"SearchAction","target":{"@type":"EntryPoint","urlTemplate":"http:\/\/chateaudedigoine.fr\/?s={search_term_string}"},"query-input":{"@type":"PropertyValueSpecification","valueRequired":true,"valueName":"search_term_string"}}],"inLanguage":"en-GB"},{"@type":"Organization","@id":"http:\/\/chateaudedigoine.fr\/#organization","name":"Castle of Digoine","url":"http:\/\/chateaudedigoine.fr\/","logo":{"@type":"ImageObject","inLanguage":"en-GB","@id":"http:\/\/chateaudedigoine.fr\/#\/schema\/logo\/image\/","url":"http:\/\/chateaudedigoine.fr\/wp-content\/uploads\/2019\/09\/logo_xl_jpg_brut-e1567431766367.jpg","contentUrl":"http:\/\/chateaudedigoine.fr\/wp-content\/uploads\/2019\/09\/logo_xl_jpg_brut-e1567431766367.jpg","width":750,"height":550,"caption":"Ch\u00e2teau de Digoine"},"image":{"@id":"http:\/\/chateaudedigoine.fr\/#\/schema\/logo\/image\/"},"sameAs":["https:\/\/fr-fr.facebook.com\/chateaudedigoine\/","https:\/\/www.instagram.com\/chateaudedigoine\/","https:\/\/www.youtube.com\/watch?v=rJiehT9rW20","https:\/\/fr.wikipedia.org\/wiki\/Ch\u00e2teau_de_Digoine_(Palinges)"]}]}},"_links":{"self":[{"href":"http:\/\/chateaudedigoine.fr\/en\/wp-json\/wp\/v2\/pages\/10","targetHints":{"allow":["GET"]}}],"collection":[{"href":"http:\/\/chateaudedigoine.fr\/en\/wp-json\/wp\/v2\/pages"}],"about":[{"href":"http:\/\/chateaudedigoine.fr\/en\/wp-json\/wp\/v2\/types\/page"}],"author":[{"embeddable":true,"href":"http:\/\/chateaudedigoine.fr\/en\/wp-json\/wp\/v2\/users\/1"}],"replies":[{"embeddable":true,"href":"http:\/\/chateaudedigoine.fr\/en\/wp-json\/wp\/v2\/comments?post=10"}],"version-history":[{"count":117,"href":"http:\/\/chateaudedigoine.fr\/en\/wp-json\/wp\/v2\/pages\/10\/revisions"}],"predecessor-version":[{"id":2325,"href":"http:\/\/chateaudedigoine.fr\/en\/wp-json\/wp\/v2\/pages\/10\/revisions\/2325"}],"wp:attachment":[{"href":"http:\/\/chateaudedigoine.fr\/en\/wp-json\/wp\/v2\/media?parent=10"}],"curies":[{"name":"wp","href":"https:\/\/api.w.org\/{rel}","templated":true}]}}