{"id":12,"date":"2014-09-07T13:08:12","date_gmt":"2014-09-07T13:08:12","guid":{"rendered":"http:\/\/chateaudedigoine.fr\/?page_id=12"},"modified":"2020-07-08T14:11:14","modified_gmt":"2020-07-08T14:11:14","slug":"theatre","status":"publish","type":"page","link":"http:\/\/chateaudedigoine.fr\/en\/theatre\/","title":{"rendered":"The theatre"},"content":{"rendered":"<hr class=\"wp-block-separator is-style-wide\"\/>\n\n\n<p class=\"translation-block\">The small theatre of Digoine is the real gem of the castle. Built in 1842 by the Count and the Countess of Chabrillan, it received many guests every summer. Some very well known, like the Goncourt brothers, who will later describe the theatre like a \u201csmaller scale version of the Versailles theatre\u201d.<\/p>\n<div id=\"attachment_672\" style=\"width: 536px\" class=\"wp-caption aligncenter\"><a href=\"http:\/\/chateaudedigoine.fr\/wp-content\/uploads\/2019\/07\/22.jpg\"><img loading=\"lazy\" decoding=\"async\" aria-describedby=\"caption-attachment-672\" src=\"http:\/\/chateaudedigoine.fr\/wp-content\/uploads\/2019\/07\/22.jpg\" alt=\"Vue sur la sc\u00e8ne du petit th\u00e9\u00e2tre depuis le balcon\" class=\"wp-image-672 size-full\" width=\"526\" height=\"372\" srcset=\"http:\/\/chateaudedigoine.fr\/wp-content\/uploads\/2019\/07\/22.jpg 526w, http:\/\/chateaudedigoine.fr\/wp-content\/uploads\/2019\/07\/22-300x212.jpg 300w\" sizes=\"auto, (max-width: 526px) 100vw, 526px\" \/><\/a><p id=\"caption-attachment-672\" class=\"wp-caption-text\">Small theatre<\/p><\/div>\n<h4 style=\"text-align: center;\"><strong><span style=\"color: #008080;\">A small theater that has everything of a big one<\/span><\/strong><\/h4>\n<p class=\"translation-block\">Replica of Italian theatres of the 18th century, this authentic room was conceived by Pierre-Luc-Charles Cic\u00e9ri, a court painter and head designer of the Paris Opera. We owe him the magnificent stage curtain painted in a \u2018trompe-l\u2019\u0153il\u2019 way with imitations of draperies richly adorned. Behind the curtain, stage decorations which represent a forest, a prison, a kitchen and a living room are still very well preserved and from the same artist.<\/p>\n<div id=\"attachment_673\" style=\"width: 760px\" class=\"wp-caption aligncenter\"><a href=\"http:\/\/chateaudedigoine.fr\/wp-content\/uploads\/2019\/07\/23.jpg\"><img loading=\"lazy\" decoding=\"async\" aria-describedby=\"caption-attachment-673\" src=\"http:\/\/chateaudedigoine.fr\/wp-content\/uploads\/2019\/07\/23-1024x768.jpg\" alt=\"Vue sur la sc\u00e8ne du petit th\u00e9\u00e2tre depuis le parterre\" class=\"wp-image-673 size-large\" width=\"750\" height=\"563\" srcset=\"http:\/\/chateaudedigoine.fr\/wp-content\/uploads\/2019\/07\/23-1024x768.jpg 1024w, http:\/\/chateaudedigoine.fr\/wp-content\/uploads\/2019\/07\/23-300x225.jpg 300w, http:\/\/chateaudedigoine.fr\/wp-content\/uploads\/2019\/07\/23-768x576.jpg 768w\" sizes=\"auto, (max-width: 750px) 100vw, 750px\" \/><\/a><p id=\"caption-attachment-673\" class=\"wp-caption-text\">One of the theatre's decoration<\/p><\/div>\n<p>The room has perfect proportions, with its red, gold and white setting and its very particular room acoustic, and could invite around 200 guests while still possessing todays all the traditional attributes of a theatre : a stage with the complete machinery, the gallery, stage rooms, an orchestra pit and the prompter\u2019s box.<\/p>\n<h4 style=\"text-align: center;\"><span style=\"color: #008080;\"><strong>A place of relaxation<\/strong><br \/><\/span><\/h4>\n<p>As a real \u2018th\u00e9\u00e2tre de soci\u00e9t\u00e9\u2019 (\u2018society theater\u2019), the atmosphere mixed entertainment and intimacy. For instance, to pay tribute to the lady of the house, it was common practice for the guests to put on a little show, an impromptu where they went on stage to caricature in a subtle way the other guests.<\/p>\n<p class=\"translation-block\">The young cellist Jacques Offenbach, invited in this unique location by the Countess of Chabrillan in 1851, composed \u2018daydream by the seashore\u2019 and the \u2018Triumphal waltz of Digoine\u2019. Unfortunately, the partition of this last one has never been retrieved. Besides, in 1900, the stage-boards of the theatre have been used by the actress Sarah Bernhardt, who came to repeat a play from Edmond Rostand named \u2018l\u2019Aiglon\u2019 (eaglet).<\/p>\n<div id=\"attachment_675\" style=\"width: 560px\" class=\"wp-caption aligncenter\"><a href=\"http:\/\/chateaudedigoine.fr\/wp-content\/uploads\/2019\/07\/24.jpg\"><img loading=\"lazy\" decoding=\"async\" aria-describedby=\"caption-attachment-675\" src=\"http:\/\/chateaudedigoine.fr\/wp-content\/uploads\/2019\/07\/24-667x1024.jpg\" alt=\"Quelle pouvait donc \u00eatre la m\u00e9lodie de la &quot;Valse Triomphale&quot; ??\" class=\"wp-image-675\" width=\"550\" height=\"844\" srcset=\"http:\/\/chateaudedigoine.fr\/wp-content\/uploads\/2019\/07\/24-667x1024.jpg 667w, http:\/\/chateaudedigoine.fr\/wp-content\/uploads\/2019\/07\/24-195x300.jpg 195w, http:\/\/chateaudedigoine.fr\/wp-content\/uploads\/2019\/07\/24-768x1179.jpg 768w, http:\/\/chateaudedigoine.fr\/wp-content\/uploads\/2019\/07\/24.jpg 1433w\" sizes=\"auto, (max-width: 550px) 100vw, 550px\" \/><\/a><p id=\"caption-attachment-675\" class=\"wp-caption-text\">Jacques Offenbach by Nadar<\/p><\/div>\n<p><\/p>\n<div id=\"attachment_676\" style=\"width: 742px\" class=\"wp-caption aligncenter\"><a href=\"http:\/\/chateaudedigoine.fr\/wp-content\/uploads\/2019\/07\/25.jpg\"><img loading=\"lazy\" decoding=\"async\" aria-describedby=\"caption-attachment-676\" src=\"http:\/\/chateaudedigoine.fr\/wp-content\/uploads\/2019\/07\/25-732x1024.jpg\" alt=\"\" class=\"size-large wp-image-676\" width=\"732\" height=\"1024\" srcset=\"http:\/\/chateaudedigoine.fr\/wp-content\/uploads\/2019\/07\/25-732x1024.jpg 732w, http:\/\/chateaudedigoine.fr\/wp-content\/uploads\/2019\/07\/25-214x300.jpg 214w, http:\/\/chateaudedigoine.fr\/wp-content\/uploads\/2019\/07\/25-768x1075.jpg 768w, http:\/\/chateaudedigoine.fr\/wp-content\/uploads\/2019\/07\/25.jpg 1881w\" sizes=\"auto, (max-width: 732px) 100vw, 732px\" \/><\/a><p id=\"caption-attachment-676\" class=\"wp-caption-text\">Daydream by the seashore<\/p><\/div>\n<p><\/p>\n<p style=\"text-align: center;\"><iframe loading=\"lazy\" width=\"560\" height=\"314\" src=\"\/\/www.youtube.com\/embed\/WR_247wJFt4\" allowfullscreen=\"allowfullscreen\"><\/iframe><\/p>\n<p style=\"text-align: center;\">Source: <a href=\"http:\/\/www.youtube.com\">www.youtube.com<\/a><\/p>\n<p style=\"text-align: center;\"><a href=\"https:\/\/www.youtube.com\"><\/a><a href=\"http:\/\/chateaudedigoine.fr\/wp-content\/uploads\/2019\/07\/26.png\"><img loading=\"lazy\" decoding=\"async\" src=\"http:\/\/chateaudedigoine.fr\/wp-content\/uploads\/2019\/07\/26-761x1024.png\" alt=\"\" class=\"size-large wp-image-677\" width=\"750\" height=\"1009\" srcset=\"http:\/\/chateaudedigoine.fr\/wp-content\/uploads\/2019\/07\/26-761x1024.png 761w, http:\/\/chateaudedigoine.fr\/wp-content\/uploads\/2019\/07\/26-223x300.png 223w, http:\/\/chateaudedigoine.fr\/wp-content\/uploads\/2019\/07\/26-768x1033.png 768w, http:\/\/chateaudedigoine.fr\/wp-content\/uploads\/2019\/07\/26.png 1921w\" sizes=\"auto, (max-width: 750px) 100vw, 750px\" \/><\/a><\/p>\n<p style=\"text-align: center;\">Program of plays<\/p>\n<p><\/p>\n<div id=\"attachment_678\" style=\"width: 809px\" class=\"wp-caption aligncenter\"><a href=\"http:\/\/chateaudedigoine.fr\/wp-content\/uploads\/2019\/07\/27.png\"><img loading=\"lazy\" decoding=\"async\" aria-describedby=\"caption-attachment-678\" src=\"http:\/\/chateaudedigoine.fr\/wp-content\/uploads\/2019\/07\/27.png\" alt=\"Dans la pi\u00e8ce de th\u00e9\u00e2tre &quot;L'Aiglon&quot;, Sarah Berhardt jouait le r\u00f4le du Duc de Reichstadt qui \u00e9tait le fils de Napol\u00e9on Ier et de Marie-Louise d'Autriche\" class=\"wp-image-678 size-full\" width=\"799\" height=\"521\" srcset=\"http:\/\/chateaudedigoine.fr\/wp-content\/uploads\/2019\/07\/27.png 799w, http:\/\/chateaudedigoine.fr\/wp-content\/uploads\/2019\/07\/27-300x196.png 300w, http:\/\/chateaudedigoine.fr\/wp-content\/uploads\/2019\/07\/27-768x501.png 768w\" sizes=\"auto, (max-width: 799px) 100vw, 799px\" \/><\/a><p id=\"caption-attachment-678\" class=\"wp-caption-text\">Postcard of Sarah Bernhardt in \"l'Aiglon\"<\/p><\/div>\n<p style=\"text-align: center;\">The small theatre which is \u2018in its own juice\u2019 to use the expression, is part of the next elements that will be restored in the estate.<\/p>\n\n\n<p style=\"text-align: center;\">&nbsp;<\/p>\n<p style=\"text-align: center;\"><a href=\"http:\/\/chateaudedigoine.fr\/en\/\">Back to the homepage<\/a><\/p>","protected":false},"excerpt":{"rendered":"<p>Curiosit\u00e9 embl\u00e9matique de Digoine, le petit th\u00e9\u00e2tre est l\u2019un de ces joyaux fragile et grandiose du patrimoine. \u00c9difi\u00e9 en 1842 \u00e0 la demande du Comte et de la Comtesse de Chabrillan, il recevait chaque \u00e9t\u00e9 des invit\u00e9s ; certains de renom comme les fr\u00e8res Goncourt qui d\u00e9criront dans leurs correspondances [&hellip;]<\/p>\n","protected":false},"author":1,"featured_media":0,"parent":0,"menu_order":0,"comment_status":"closed","ping_status":"open","template":"page-templates\/template-fullwidth.php","meta":{"footnotes":""},"class_list":["post-12","page","type-page","status-publish","hentry"],"yoast_head":"<!-- This site is optimized with the Yoast SEO plugin v27.0 - https:\/\/yoast.com\/product\/yoast-seo-wordpress\/ -->\n<title>Le petit th\u00e9\u00e2tre de Digoine: un joyau du patrimoine du XIXe si\u00e8cle<\/title>\n<meta name=\"description\" content=\"Con\u00e7u par Cic\u00e9ri, Jacques Offenbach composa la Valse Triomphale de Digoine dans ce th\u00e9\u00e2tre et Sarah Bernhardt y r\u00e9p\u00e9ta &quot;L&#039;Aiglon&quot; d&#039;Edmond Rostand.\" \/>\n<meta name=\"robots\" content=\"index, follow, max-snippet:-1, max-image-preview:large, max-video-preview:-1\" \/>\n<link rel=\"canonical\" href=\"http:\/\/chateaudedigoine.fr\/en\/theatre\/\" \/>\n<meta property=\"og:locale\" content=\"en_GB\" \/>\n<meta property=\"og:type\" content=\"article\" \/>\n<meta property=\"og:title\" content=\"Le petit th\u00e9\u00e2tre de Digoine: un joyau du patrimoine du XIXe si\u00e8cle\" \/>\n<meta property=\"og:description\" content=\"Con\u00e7u par Cic\u00e9ri, Jacques Offenbach composa la Valse Triomphale de Digoine dans ce th\u00e9\u00e2tre et Sarah Bernhardt y r\u00e9p\u00e9ta &quot;L&#039;Aiglon&quot; d&#039;Edmond Rostand.\" \/>\n<meta property=\"og:url\" content=\"http:\/\/chateaudedigoine.fr\/en\/theatre\/\" \/>\n<meta property=\"og:site_name\" content=\"Ch\u00e2teau de Digoine\" \/>\n<meta property=\"article:publisher\" content=\"https:\/\/fr-fr.facebook.com\/chateaudedigoine\/\" \/>\n<meta property=\"article:modified_time\" content=\"2020-07-08T14:11:14+00:00\" \/>\n<meta property=\"og:image\" content=\"http:\/\/chateaudedigoine.fr\/wp-content\/uploads\/2019\/07\/22.jpg\" \/>\n<meta name=\"twitter:card\" content=\"summary_large_image\" \/>\n<meta name=\"twitter:label1\" content=\"Estimated reading time\" \/>\n\t<meta name=\"twitter:data1\" content=\"2 minutes\" \/>\n<script type=\"application\/ld+json\" class=\"yoast-schema-graph\">{\"@context\":\"https:\/\/schema.org\",\"@graph\":[{\"@type\":\"WebPage\",\"@id\":\"http:\/\/chateaudedigoine.fr\/en\/theatre\/\",\"url\":\"http:\/\/chateaudedigoine.fr\/en\/theatre\/\",\"name\":\"Le petit th\u00e9\u00e2tre de Digoine: un joyau du patrimoine du XIXe si\u00e8cle\",\"isPartOf\":{\"@id\":\"http:\/\/chateaudedigoine.fr\/#website\"},\"primaryImageOfPage\":{\"@id\":\"http:\/\/chateaudedigoine.fr\/en\/theatre\/#primaryimage\"},\"image\":{\"@id\":\"http:\/\/chateaudedigoine.fr\/en\/theatre\/#primaryimage\"},\"thumbnailUrl\":\"http:\/\/chateaudedigoine.fr\/wp-content\/uploads\/2019\/07\/22.jpg\",\"datePublished\":\"2014-09-07T13:08:12+00:00\",\"dateModified\":\"2020-07-08T14:11:14+00:00\",\"description\":\"Con\u00e7u par Cic\u00e9ri, Jacques Offenbach composa la Valse Triomphale de Digoine dans ce th\u00e9\u00e2tre et Sarah Bernhardt y r\u00e9p\u00e9ta \\\"L'Aiglon\\\" d'Edmond Rostand.\",\"breadcrumb\":{\"@id\":\"http:\/\/chateaudedigoine.fr\/en\/theatre\/#breadcrumb\"},\"inLanguage\":\"en-GB\",\"potentialAction\":[{\"@type\":\"ReadAction\",\"target\":[\"http:\/\/chateaudedigoine.fr\/en\/theatre\/\"]}]},{\"@type\":\"ImageObject\",\"inLanguage\":\"en-GB\",\"@id\":\"http:\/\/chateaudedigoine.fr\/en\/theatre\/#primaryimage\",\"url\":\"http:\/\/chateaudedigoine.fr\/wp-content\/uploads\/2019\/07\/22.jpg\",\"contentUrl\":\"http:\/\/chateaudedigoine.fr\/wp-content\/uploads\/2019\/07\/22.jpg\"},{\"@type\":\"BreadcrumbList\",\"@id\":\"http:\/\/chateaudedigoine.fr\/en\/theatre\/#breadcrumb\",\"itemListElement\":[{\"@type\":\"ListItem\",\"position\":1,\"name\":\"Accueil\",\"item\":\"http:\/\/chateaudedigoine.fr\/\"},{\"@type\":\"ListItem\",\"position\":2,\"name\":\"Th\u00e9\u00e2tre\"}]},{\"@type\":\"WebSite\",\"@id\":\"http:\/\/chateaudedigoine.fr\/#website\",\"url\":\"http:\/\/chateaudedigoine.fr\/\",\"name\":\"Ch\u00e2teau de Digoine\",\"description\":\"La Perle du Charolais\",\"publisher\":{\"@id\":\"http:\/\/chateaudedigoine.fr\/#organization\"},\"potentialAction\":[{\"@type\":\"SearchAction\",\"target\":{\"@type\":\"EntryPoint\",\"urlTemplate\":\"http:\/\/chateaudedigoine.fr\/?s={search_term_string}\"},\"query-input\":{\"@type\":\"PropertyValueSpecification\",\"valueRequired\":true,\"valueName\":\"search_term_string\"}}],\"inLanguage\":\"en-GB\"},{\"@type\":\"Organization\",\"@id\":\"http:\/\/chateaudedigoine.fr\/#organization\",\"name\":\"Ch\u00e2teau de Digoine\",\"url\":\"http:\/\/chateaudedigoine.fr\/\",\"logo\":{\"@type\":\"ImageObject\",\"inLanguage\":\"en-GB\",\"@id\":\"http:\/\/chateaudedigoine.fr\/#\/schema\/logo\/image\/\",\"url\":\"http:\/\/chateaudedigoine.fr\/wp-content\/uploads\/2019\/09\/logo_xl_jpg_brut-e1567431766367.jpg\",\"contentUrl\":\"http:\/\/chateaudedigoine.fr\/wp-content\/uploads\/2019\/09\/logo_xl_jpg_brut-e1567431766367.jpg\",\"width\":750,\"height\":550,\"caption\":\"Ch\u00e2teau de Digoine\"},\"image\":{\"@id\":\"http:\/\/chateaudedigoine.fr\/#\/schema\/logo\/image\/\"},\"sameAs\":[\"https:\/\/fr-fr.facebook.com\/chateaudedigoine\/\",\"https:\/\/www.instagram.com\/chateaudedigoine\/\",\"https:\/\/www.youtube.com\/watch?v=rJiehT9rW20\",\"https:\/\/fr.wikipedia.org\/wiki\/Ch\u00e2teau_de_Digoine_(Palinges)\"]}]}<\/script>\n<!-- \/ Yoast SEO plugin. -->","yoast_head_json":{"title":"Le petit th\u00e9\u00e2tre de Digoine: un joyau du patrimoine du XIXe si\u00e8cle","description":"Con\u00e7u par Cic\u00e9ri, Jacques Offenbach composa la Valse Triomphale de Digoine dans ce th\u00e9\u00e2tre et Sarah Bernhardt y r\u00e9p\u00e9ta \"L'Aiglon\" d'Edmond Rostand.","robots":{"index":"index","follow":"follow","max-snippet":"max-snippet:-1","max-image-preview":"max-image-preview:large","max-video-preview":"max-video-preview:-1"},"canonical":"http:\/\/chateaudedigoine.fr\/en\/theatre\/","og_locale":"en_GB","og_type":"article","og_title":"Le petit th\u00e9\u00e2tre de Digoine: un joyau du patrimoine du XIXe si\u00e8cle","og_description":"Con\u00e7u par Cic\u00e9ri, Jacques Offenbach composa la Valse Triomphale de Digoine dans ce th\u00e9\u00e2tre et Sarah Bernhardt y r\u00e9p\u00e9ta \"L'Aiglon\" d'Edmond Rostand.","og_url":"http:\/\/chateaudedigoine.fr\/en\/theatre\/","og_site_name":"Ch\u00e2teau de Digoine","article_publisher":"https:\/\/fr-fr.facebook.com\/chateaudedigoine\/","article_modified_time":"2020-07-08T14:11:14+00:00","og_image":[{"url":"http:\/\/chateaudedigoine.fr\/wp-content\/uploads\/2019\/07\/22.jpg","type":"","width":"","height":""}],"twitter_card":"summary_large_image","twitter_misc":{"Estimated reading time":"2 minutes"},"schema":{"@context":"https:\/\/schema.org","@graph":[{"@type":"WebPage","@id":"http:\/\/chateaudedigoine.fr\/en\/theatre\/","url":"http:\/\/chateaudedigoine.fr\/en\/theatre\/","name":"Le petit th\u00e9\u00e2tre de Digoine: un joyau du patrimoine du XIXe si\u00e8cle","isPartOf":{"@id":"http:\/\/chateaudedigoine.fr\/#website"},"primaryImageOfPage":{"@id":"http:\/\/chateaudedigoine.fr\/en\/theatre\/#primaryimage"},"image":{"@id":"http:\/\/chateaudedigoine.fr\/en\/theatre\/#primaryimage"},"thumbnailUrl":"http:\/\/chateaudedigoine.fr\/wp-content\/uploads\/2019\/07\/22.jpg","datePublished":"2014-09-07T13:08:12+00:00","dateModified":"2020-07-08T14:11:14+00:00","description":"Con\u00e7u par Cic\u00e9ri, Jacques Offenbach composa la Valse Triomphale de Digoine dans ce th\u00e9\u00e2tre et Sarah Bernhardt y r\u00e9p\u00e9ta \"L'Aiglon\" d'Edmond Rostand.","breadcrumb":{"@id":"http:\/\/chateaudedigoine.fr\/en\/theatre\/#breadcrumb"},"inLanguage":"en-GB","potentialAction":[{"@type":"ReadAction","target":["http:\/\/chateaudedigoine.fr\/en\/theatre\/"]}]},{"@type":"ImageObject","inLanguage":"en-GB","@id":"http:\/\/chateaudedigoine.fr\/en\/theatre\/#primaryimage","url":"http:\/\/chateaudedigoine.fr\/wp-content\/uploads\/2019\/07\/22.jpg","contentUrl":"http:\/\/chateaudedigoine.fr\/wp-content\/uploads\/2019\/07\/22.jpg"},{"@type":"BreadcrumbList","@id":"http:\/\/chateaudedigoine.fr\/en\/theatre\/#breadcrumb","itemListElement":[{"@type":"ListItem","position":1,"name":"Accueil","item":"http:\/\/chateaudedigoine.fr\/"},{"@type":"ListItem","position":2,"name":"Th\u00e9\u00e2tre"}]},{"@type":"WebSite","@id":"http:\/\/chateaudedigoine.fr\/#website","url":"http:\/\/chateaudedigoine.fr\/","name":"Castle of Digoine","description":"The Pearl of Charolais","publisher":{"@id":"http:\/\/chateaudedigoine.fr\/#organization"},"potentialAction":[{"@type":"SearchAction","target":{"@type":"EntryPoint","urlTemplate":"http:\/\/chateaudedigoine.fr\/?s={search_term_string}"},"query-input":{"@type":"PropertyValueSpecification","valueRequired":true,"valueName":"search_term_string"}}],"inLanguage":"en-GB"},{"@type":"Organization","@id":"http:\/\/chateaudedigoine.fr\/#organization","name":"Castle of Digoine","url":"http:\/\/chateaudedigoine.fr\/","logo":{"@type":"ImageObject","inLanguage":"en-GB","@id":"http:\/\/chateaudedigoine.fr\/#\/schema\/logo\/image\/","url":"http:\/\/chateaudedigoine.fr\/wp-content\/uploads\/2019\/09\/logo_xl_jpg_brut-e1567431766367.jpg","contentUrl":"http:\/\/chateaudedigoine.fr\/wp-content\/uploads\/2019\/09\/logo_xl_jpg_brut-e1567431766367.jpg","width":750,"height":550,"caption":"Ch\u00e2teau de Digoine"},"image":{"@id":"http:\/\/chateaudedigoine.fr\/#\/schema\/logo\/image\/"},"sameAs":["https:\/\/fr-fr.facebook.com\/chateaudedigoine\/","https:\/\/www.instagram.com\/chateaudedigoine\/","https:\/\/www.youtube.com\/watch?v=rJiehT9rW20","https:\/\/fr.wikipedia.org\/wiki\/Ch\u00e2teau_de_Digoine_(Palinges)"]}]}},"_links":{"self":[{"href":"http:\/\/chateaudedigoine.fr\/en\/wp-json\/wp\/v2\/pages\/12","targetHints":{"allow":["GET"]}}],"collection":[{"href":"http:\/\/chateaudedigoine.fr\/en\/wp-json\/wp\/v2\/pages"}],"about":[{"href":"http:\/\/chateaudedigoine.fr\/en\/wp-json\/wp\/v2\/types\/page"}],"author":[{"embeddable":true,"href":"http:\/\/chateaudedigoine.fr\/en\/wp-json\/wp\/v2\/users\/1"}],"replies":[{"embeddable":true,"href":"http:\/\/chateaudedigoine.fr\/en\/wp-json\/wp\/v2\/comments?post=12"}],"version-history":[{"count":28,"href":"http:\/\/chateaudedigoine.fr\/en\/wp-json\/wp\/v2\/pages\/12\/revisions"}],"predecessor-version":[{"id":1174,"href":"http:\/\/chateaudedigoine.fr\/en\/wp-json\/wp\/v2\/pages\/12\/revisions\/1174"}],"wp:attachment":[{"href":"http:\/\/chateaudedigoine.fr\/en\/wp-json\/wp\/v2\/media?parent=12"}],"curies":[{"name":"wp","href":"https:\/\/api.w.org\/{rel}","templated":true}]}}