{"id":16,"date":"2014-09-07T13:09:12","date_gmt":"2014-09-07T13:09:12","guid":{"rendered":"http:\/\/chateaudedigoine.fr\/?page_id=16"},"modified":"2020-07-08T12:16:27","modified_gmt":"2020-07-08T12:16:27","slug":"historique-digoine","status":"publish","type":"page","link":"http:\/\/chateaudedigoine.fr\/en\/historique-digoine\/","title":{"rendered":"History"},"content":{"rendered":"<p class=\"translation-block\">The castle of Digoine is a heritage jewel from the 18th century that still bears witness to a rich and long past. It formed part of the first out of four Baronnies from the Charolais and these lords had a leading role at the court of the Dukes of Burgundy.<\/p>\n<h4 style=\"text-align: center;\"><strong><span style=\"color: #008080;\">The castle of Digoine in the middle age<\/span><\/strong><\/h4>\n<p class=\"translation-block\">The castle history goes back to 1390 when Robert of Damas marries Marie of Digoine, the ultimate representative of the family. Under the name \u2018de Damas de Digoine\u2019, they erected impressive towers on the northern fa\u00e7ade, with two other towers connected by dry ditches which also frames the iron gate of honour and will end to integrate the castle in the medieval area.<\/p>\n<div id=\"attachment_649\" style=\"width: 760px\" class=\"wp-caption aligncenter\"><a href=\"http:\/\/chateaudedigoine.fr\/wp-content\/uploads\/2019\/07\/03.jpg\"><img loading=\"lazy\" decoding=\"async\" aria-describedby=\"caption-attachment-649\" src=\"http:\/\/chateaudedigoine.fr\/wp-content\/uploads\/2019\/07\/03-1024x679.jpg\" alt=\"Les deux tours \u00e9voquent l'histoire m\u00e9di\u00e9vale du Ch\u00e2teau de Digoine.\" class=\"wp-image-649 size-large\" width=\"750\" height=\"497\" srcset=\"http:\/\/chateaudedigoine.fr\/wp-content\/uploads\/2019\/07\/03-1024x679.jpg 1024w, http:\/\/chateaudedigoine.fr\/wp-content\/uploads\/2019\/07\/03-300x199.jpg 300w, http:\/\/chateaudedigoine.fr\/wp-content\/uploads\/2019\/07\/03-768x509.jpg 768w, http:\/\/chateaudedigoine.fr\/wp-content\/uploads\/2019\/07\/03-360x240.jpg 360w\" sizes=\"auto, (max-width: 750px) 100vw, 750px\" \/><\/a><p id=\"caption-attachment-649\" class=\"wp-caption-text\">Engraving of the Northern facade<\/p><\/div>\n<p class=\"translation-block\">It is not until the end of the 18th century that the castle is transformed in lavish living quarters, dropping its defence function and adopting its definitive appearance. These transformations are made by the Reclesne family, who hope for a magnificent renewal. With that purpose, renovations start in 1723 and will be pursued for fifty years.<\/p>\n<h4 style=\"text-align: center;\"><strong><span style=\"color: #008080;\">A shift in modern history<\/span><span style=\"color: #008080;\"><\/span><span style=\"color: #008080;\"><br \/><\/span><\/strong><\/h4>\n<p class=\"translation-block\">In 1750, halfway through the renovation process, the Reclesne family turns to the architect from Burgundy named Edm\u00e9 Verniquet. He is known for the castles in St-Aubin-sur-Loire or Lugny-l\u00e8s-Charolles in the region. First, he shapes the northern fa\u00e7ade in a baroque-style, with mascarons which ornate the large central avant-corps. Then, he builds the magnificent southern fa\u00e7ade in an easily recognizable pattern: on the centre of the fa\u00e7ade, three French doors are framed by four other windows with a pediment on the top. This architectural body reflects the evolution of the French architecture during that period.<\/p>\n<div id=\"attachment_651\" style=\"width: 559px\" class=\"wp-caption aligncenter\"><a href=\"http:\/\/chateaudedigoine.fr\/wp-content\/uploads\/2019\/07\/04.png\"><img loading=\"lazy\" decoding=\"async\" aria-describedby=\"caption-attachment-651\" src=\"http:\/\/chateaudedigoine.fr\/wp-content\/uploads\/2019\/07\/04.png\" alt=\"Verniquet a d\u00e9finitivement fait entrer le Ch\u00e2teau de Digoine dans l'histoire moderne.\" class=\"wp-image-651 size-full\" width=\"549\" height=\"600\" srcset=\"http:\/\/chateaudedigoine.fr\/wp-content\/uploads\/2019\/07\/04.png 549w, http:\/\/chateaudedigoine.fr\/wp-content\/uploads\/2019\/07\/04-275x300.png 275w\" sizes=\"auto, (max-width: 549px) 100vw, 549px\" \/><\/a><p id=\"caption-attachment-651\" class=\"wp-caption-text\">Portrait of Edme Verniquet<\/p><\/div>\n<div id=\"attachment_652\" style=\"width: 760px\" class=\"wp-caption aligncenter\"><a href=\"http:\/\/chateaudedigoine.fr\/wp-content\/uploads\/2019\/07\/05.jpg\"><img loading=\"lazy\" decoding=\"async\" aria-describedby=\"caption-attachment-652\" src=\"http:\/\/chateaudedigoine.fr\/wp-content\/uploads\/2019\/07\/05-1024x768.jpg\" alt=\"La fa\u00e7ade sud du Ch\u00e2teau de Digoine n'a pas \u00e9volu\u00e9e depuis le XVIIIe si\u00e8cle.\" class=\"wp-image-652 size-large\" width=\"750\" height=\"563\" srcset=\"http:\/\/chateaudedigoine.fr\/wp-content\/uploads\/2019\/07\/05-1024x768.jpg 1024w, http:\/\/chateaudedigoine.fr\/wp-content\/uploads\/2019\/07\/05-300x225.jpg 300w, http:\/\/chateaudedigoine.fr\/wp-content\/uploads\/2019\/07\/05-768x576.jpg 768w\" sizes=\"auto, (max-width: 750px) 100vw, 750px\" \/><\/a><p id=\"caption-attachment-652\" class=\"wp-caption-text\">Southern facade<\/p><\/div>\n<h4 style=\"text-align: center;\"><strong><span style=\"color: #008080;\">The aura of Napoleon I<\/span><\/strong><\/h4>\n<p class=\"translation-block\">At the beginning of the 19th century, the wedding of the Earl Aim\u00e9 de Chabrillan, Great Chamberlain in France of Napoleon 1st, with the countess Z\u00e9phyrine Olympe de Choiseul Gouffier, seals the transmission of the Estate to the Chabrillan family. They evolve in an incredible splendour, as the new owners continue the works to embellish the castle that their ancestors had started. Undeniable marker of the economic, social and political supremacy of this family, Digoine is growing spectacularly between 1825 and 1842. Indeed, an exotic greenhouse including an underfloor heating system unusually modern, a library in burr elm and a private theatre will be added to an already significant legacy. In addition, fabulous scenery with one from the sculptor Clodion, are installed in the majestic rooms of the castle.<\/p>\n<div id=\"attachment_653\" style=\"width: 760px\" class=\"wp-caption aligncenter\"><a href=\"http:\/\/chateaudedigoine.fr\/wp-content\/uploads\/2019\/07\/06.jpg\"><img loading=\"lazy\" decoding=\"async\" aria-describedby=\"caption-attachment-653\" src=\"http:\/\/chateaudedigoine.fr\/wp-content\/uploads\/2019\/07\/06-827x1024.jpg\" alt=\"Personnage embl\u00e9matique de l'histoire de Digoine, la comtesse fut \u00e0 l'initiative des travaux de modernisation du XIXe si\u00e8cle.\" class=\"wp-image-653 size-large\" width=\"750\" height=\"929\" srcset=\"http:\/\/chateaudedigoine.fr\/wp-content\/uploads\/2019\/07\/06-827x1024.jpg 827w, http:\/\/chateaudedigoine.fr\/wp-content\/uploads\/2019\/07\/06-242x300.jpg 242w, http:\/\/chateaudedigoine.fr\/wp-content\/uploads\/2019\/07\/06-768x951.jpg 768w, http:\/\/chateaudedigoine.fr\/wp-content\/uploads\/2019\/07\/06.jpg 1291w\" sizes=\"auto, (max-width: 750px) 100vw, 750px\" \/><\/a><p id=\"caption-attachment-653\" class=\"wp-caption-text\">Countess of Moreton Chabrillan by Paulin Gu\u00e9rin<\/p><\/div>\n<div id=\"attachment_654\" style=\"width: 353px\" class=\"wp-caption aligncenter\"><a href=\"http:\/\/chateaudedigoine.fr\/wp-content\/uploads\/2019\/07\/07.jpg\"><img loading=\"lazy\" decoding=\"async\" aria-describedby=\"caption-attachment-654\" src=\"http:\/\/chateaudedigoine.fr\/wp-content\/uploads\/2019\/07\/07.jpg\" alt=\"Le vestibule est une pi\u00e8ce du Ch\u00e2teau de Digoine cr\u00e9e par l'architecte Edm\u00e9 Verniquet.\" class=\"wp-image-654 size-full\" width=\"343\" height=\"457\" srcset=\"http:\/\/chateaudedigoine.fr\/wp-content\/uploads\/2019\/07\/07.jpg 343w, http:\/\/chateaudedigoine.fr\/wp-content\/uploads\/2019\/07\/07-225x300.jpg 225w\" sizes=\"auto, (max-width: 343px) 100vw, 343px\" \/><\/a><p id=\"caption-attachment-654\" class=\"wp-caption-text\">Stair of honor<\/p><\/div>\n<div id=\"attachment_655\" style=\"width: 438px\" class=\"wp-caption aligncenter\"><a href=\"http:\/\/chateaudedigoine.fr\/wp-content\/uploads\/2019\/07\/08.jpg\"><img loading=\"lazy\" decoding=\"async\" aria-describedby=\"caption-attachment-655\" src=\"http:\/\/chateaudedigoine.fr\/wp-content\/uploads\/2019\/07\/08.jpg\" alt=\"Les Chabrillan ont transform\u00e9 l'ancienne chapelle de Digoine en biblioth\u00e8que.\" class=\"wp-image-655 size-full\" width=\"428\" height=\"571\" srcset=\"http:\/\/chateaudedigoine.fr\/wp-content\/uploads\/2019\/07\/08.jpg 428w, http:\/\/chateaudedigoine.fr\/wp-content\/uploads\/2019\/07\/08-225x300.jpg 225w\" sizes=\"auto, (max-width: 428px) 100vw, 428px\" \/><\/a><p id=\"caption-attachment-655\" class=\"wp-caption-text\">Library<\/p><\/div>\n<div id=\"attachment_656\" style=\"width: 760px\" class=\"wp-caption aligncenter\"><a href=\"http:\/\/chateaudedigoine.fr\/wp-content\/uploads\/2019\/07\/09.jpg\"><img loading=\"lazy\" decoding=\"async\" aria-describedby=\"caption-attachment-656\" src=\"http:\/\/chateaudedigoine.fr\/wp-content\/uploads\/2019\/07\/09-1024x768.jpg\" alt=\"Prise de vue depuis les anciennes \u00e9curies du Ch\u00e2teau de Digoine\" class=\"wp-image-656 size-large\" width=\"750\" height=\"563\" srcset=\"http:\/\/chateaudedigoine.fr\/wp-content\/uploads\/2019\/07\/09-1024x768.jpg 1024w, http:\/\/chateaudedigoine.fr\/wp-content\/uploads\/2019\/07\/09-300x225.jpg 300w, http:\/\/chateaudedigoine.fr\/wp-content\/uploads\/2019\/07\/09-768x576.jpg 768w\" sizes=\"auto, (max-width: 750px) 100vw, 750px\" \/><\/a><p id=\"caption-attachment-656\" class=\"wp-caption-text\">Garden of rose, greenhouse and castle - Southern facade<\/p><\/div>\n<h4 style=\"text-align: center;\"><span><strong><span style=\"color: #008080;\">An incredible sale<\/span><br \/><\/strong><\/span><\/h4>\n<p class=\"translation-block\">In 1908, the marquise de Croix bought the estate for her son Pierre, who then lived on the domain for three generations. However, in 2012, problems of joint ownership forced the family to sell the castle. Jean-Louis R\u00e9milleux bought it back then and is still the current owner nowadays. In the first place, he bought the castle empty, then, tried to purchase the historical piece of furniture that used to compose the castle during a big auction sale in Paris. Furthermore, as an enthusiast of antiques, he added his own collection in the majestic rooms of the castle, while taking scrupulous care that all the elements were coherent with the period of the room in which they are. Finally, he undertook great works of renovations in order to bring back to this \u2018Charolais pearl\u2019 its original radiance.<\/p>\n<div id=\"attachment_657\" style=\"width: 500px\" class=\"wp-caption aligncenter\"><a href=\"http:\/\/chateaudedigoine.fr\/wp-content\/uploads\/2019\/07\/10.jpg\"><img loading=\"lazy\" decoding=\"async\" aria-describedby=\"caption-attachment-657\" src=\"http:\/\/chateaudedigoine.fr\/wp-content\/uploads\/2019\/07\/10.jpg\" alt=\"Pi\u00e8ce traversante, le salon central abrite une ancienne maquette du Ch\u00e2teau de Digoine \u00e0 l'histoire \u00e9tonnante...\" class=\"wp-image-657 size-full\" width=\"490\" height=\"367\" srcset=\"http:\/\/chateaudedigoine.fr\/wp-content\/uploads\/2019\/07\/10.jpg 490w, http:\/\/chateaudedigoine.fr\/wp-content\/uploads\/2019\/07\/10-300x225.jpg 300w\" sizes=\"auto, (max-width: 490px) 100vw, 490px\" \/><\/a><p id=\"caption-attachment-657\" class=\"wp-caption-text\">Central living room<\/p><\/div>\n\n\n<p style=\"text-align: center;\">&nbsp;<\/p>\n<p style=\"text-align: center;\"><a href=\"http:\/\/chateaudedigoine.fr\/en\/\">Back to the homepage<\/a><\/p>","protected":false},"excerpt":{"rendered":"<p>Fleuron du patrimoine du XVIIIe si\u00e8cle, le Ch\u00e2teau de Digoine demeure par son histoire le t\u00e9moin d\u2019un riche et long pass\u00e9. S\u2019inscrivant comme la premi\u00e8re des quatre baronnies du Charolais, ses seigneurs tinrent une place pr\u00e9pond\u00e9rante \u00e0 la cour des Ducs de Bourgogne. Le Ch\u00e2teau de Digoine au Moyen \u00c2ge [&hellip;]<\/p>\n","protected":false},"author":1,"featured_media":0,"parent":0,"menu_order":0,"comment_status":"closed","ping_status":"closed","template":"page-templates\/template-fullwidth.php","meta":{"footnotes":""},"class_list":["post-16","page","type-page","status-publish","hentry"],"yoast_head":"<!-- This site is optimized with the Yoast SEO plugin v27.0 - https:\/\/yoast.com\/product\/yoast-seo-wordpress\/ -->\n<title>Vivez l&#039;histoire du Ch\u00e2teau de Digoine du Moyen \u00c2ge \u00e0 aujourd&#039;hui !<\/title>\n<meta name=\"description\" content=\"L\u2019histoire du ch\u00e2teau remonte \u00e0 1390 avec les Damas de Digoine. Depuis, les Reclesne, les Chabrillan, les de Croix, et Jean-Louis R\u00e9milleux l&#039;ont occup\u00e9.\" \/>\n<meta name=\"robots\" content=\"index, follow, max-snippet:-1, max-image-preview:large, max-video-preview:-1\" \/>\n<link rel=\"canonical\" href=\"http:\/\/chateaudedigoine.fr\/en\/historique-digoine\/\" \/>\n<meta property=\"og:locale\" content=\"en_GB\" \/>\n<meta property=\"og:type\" content=\"article\" \/>\n<meta property=\"og:title\" content=\"Vivez l&#039;histoire du Ch\u00e2teau de Digoine du Moyen \u00c2ge \u00e0 aujourd&#039;hui !\" \/>\n<meta property=\"og:description\" content=\"L\u2019histoire du ch\u00e2teau remonte \u00e0 1390 avec les Damas de Digoine. Depuis, les Reclesne, les Chabrillan, les de Croix, et Jean-Louis R\u00e9milleux l&#039;ont occup\u00e9.\" \/>\n<meta property=\"og:url\" content=\"http:\/\/chateaudedigoine.fr\/en\/historique-digoine\/\" \/>\n<meta property=\"og:site_name\" content=\"Ch\u00e2teau de Digoine\" \/>\n<meta property=\"article:publisher\" content=\"https:\/\/fr-fr.facebook.com\/chateaudedigoine\/\" \/>\n<meta property=\"article:modified_time\" content=\"2020-07-08T12:16:27+00:00\" \/>\n<meta property=\"og:image\" content=\"http:\/\/chateaudedigoine.fr\/wp-content\/uploads\/2019\/07\/03-1024x679.jpg\" \/>\n<meta name=\"twitter:card\" content=\"summary_large_image\" \/>\n<meta name=\"twitter:label1\" content=\"Estimated reading time\" \/>\n\t<meta name=\"twitter:data1\" content=\"4 minutes\" \/>\n<script type=\"application\/ld+json\" class=\"yoast-schema-graph\">{\"@context\":\"https:\/\/schema.org\",\"@graph\":[{\"@type\":\"WebPage\",\"@id\":\"http:\/\/chateaudedigoine.fr\/historique-digoine\/\",\"url\":\"http:\/\/chateaudedigoine.fr\/historique-digoine\/\",\"name\":\"Vivez l'histoire du Ch\u00e2teau de Digoine du Moyen \u00c2ge \u00e0 aujourd'hui !\",\"isPartOf\":{\"@id\":\"http:\/\/chateaudedigoine.fr\/#website\"},\"primaryImageOfPage\":{\"@id\":\"http:\/\/chateaudedigoine.fr\/historique-digoine\/#primaryimage\"},\"image\":{\"@id\":\"http:\/\/chateaudedigoine.fr\/historique-digoine\/#primaryimage\"},\"thumbnailUrl\":\"http:\/\/chateaudedigoine.fr\/wp-content\/uploads\/2019\/07\/03-1024x679.jpg\",\"datePublished\":\"2014-09-07T13:09:12+00:00\",\"dateModified\":\"2020-07-08T12:16:27+00:00\",\"description\":\"L\u2019histoire du ch\u00e2teau remonte \u00e0 1390 avec les Damas de Digoine. Depuis, les Reclesne, les Chabrillan, les de Croix, et Jean-Louis R\u00e9milleux l'ont occup\u00e9.\",\"breadcrumb\":{\"@id\":\"http:\/\/chateaudedigoine.fr\/historique-digoine\/#breadcrumb\"},\"inLanguage\":\"en-GB\",\"potentialAction\":[{\"@type\":\"ReadAction\",\"target\":[\"http:\/\/chateaudedigoine.fr\/historique-digoine\/\"]}]},{\"@type\":\"ImageObject\",\"inLanguage\":\"en-GB\",\"@id\":\"http:\/\/chateaudedigoine.fr\/historique-digoine\/#primaryimage\",\"url\":\"http:\/\/chateaudedigoine.fr\/wp-content\/uploads\/2019\/07\/03-1024x679.jpg\",\"contentUrl\":\"http:\/\/chateaudedigoine.fr\/wp-content\/uploads\/2019\/07\/03-1024x679.jpg\"},{\"@type\":\"BreadcrumbList\",\"@id\":\"http:\/\/chateaudedigoine.fr\/historique-digoine\/#breadcrumb\",\"itemListElement\":[{\"@type\":\"ListItem\",\"position\":1,\"name\":\"Accueil\",\"item\":\"http:\/\/chateaudedigoine.fr\/\"},{\"@type\":\"ListItem\",\"position\":2,\"name\":\"Histoire\"}]},{\"@type\":\"WebSite\",\"@id\":\"http:\/\/chateaudedigoine.fr\/#website\",\"url\":\"http:\/\/chateaudedigoine.fr\/\",\"name\":\"Ch\u00e2teau de Digoine\",\"description\":\"La Perle du Charolais\",\"publisher\":{\"@id\":\"http:\/\/chateaudedigoine.fr\/#organization\"},\"potentialAction\":[{\"@type\":\"SearchAction\",\"target\":{\"@type\":\"EntryPoint\",\"urlTemplate\":\"http:\/\/chateaudedigoine.fr\/?s={search_term_string}\"},\"query-input\":{\"@type\":\"PropertyValueSpecification\",\"valueRequired\":true,\"valueName\":\"search_term_string\"}}],\"inLanguage\":\"en-GB\"},{\"@type\":\"Organization\",\"@id\":\"http:\/\/chateaudedigoine.fr\/#organization\",\"name\":\"Ch\u00e2teau de Digoine\",\"url\":\"http:\/\/chateaudedigoine.fr\/\",\"logo\":{\"@type\":\"ImageObject\",\"inLanguage\":\"en-GB\",\"@id\":\"http:\/\/chateaudedigoine.fr\/#\/schema\/logo\/image\/\",\"url\":\"http:\/\/chateaudedigoine.fr\/wp-content\/uploads\/2019\/09\/logo_xl_jpg_brut-e1567431766367.jpg\",\"contentUrl\":\"http:\/\/chateaudedigoine.fr\/wp-content\/uploads\/2019\/09\/logo_xl_jpg_brut-e1567431766367.jpg\",\"width\":750,\"height\":550,\"caption\":\"Ch\u00e2teau de Digoine\"},\"image\":{\"@id\":\"http:\/\/chateaudedigoine.fr\/#\/schema\/logo\/image\/\"},\"sameAs\":[\"https:\/\/fr-fr.facebook.com\/chateaudedigoine\/\",\"https:\/\/www.instagram.com\/chateaudedigoine\/\",\"https:\/\/www.youtube.com\/watch?v=rJiehT9rW20\",\"https:\/\/fr.wikipedia.org\/wiki\/Ch\u00e2teau_de_Digoine_(Palinges)\"]}]}<\/script>\n<!-- \/ Yoast SEO plugin. -->","yoast_head_json":{"title":"Vivez l'histoire du Ch\u00e2teau de Digoine du Moyen \u00c2ge \u00e0 aujourd'hui !","description":"L\u2019histoire du ch\u00e2teau remonte \u00e0 1390 avec les Damas de Digoine. Depuis, les Reclesne, les Chabrillan, les de Croix, et Jean-Louis R\u00e9milleux l'ont occup\u00e9.","robots":{"index":"index","follow":"follow","max-snippet":"max-snippet:-1","max-image-preview":"max-image-preview:large","max-video-preview":"max-video-preview:-1"},"canonical":"http:\/\/chateaudedigoine.fr\/en\/historique-digoine\/","og_locale":"en_GB","og_type":"article","og_title":"Vivez l'histoire du Ch\u00e2teau de Digoine du Moyen \u00c2ge \u00e0 aujourd'hui !","og_description":"L\u2019histoire du ch\u00e2teau remonte \u00e0 1390 avec les Damas de Digoine. Depuis, les Reclesne, les Chabrillan, les de Croix, et Jean-Louis R\u00e9milleux l'ont occup\u00e9.","og_url":"http:\/\/chateaudedigoine.fr\/en\/historique-digoine\/","og_site_name":"Ch\u00e2teau de Digoine","article_publisher":"https:\/\/fr-fr.facebook.com\/chateaudedigoine\/","article_modified_time":"2020-07-08T12:16:27+00:00","og_image":[{"url":"http:\/\/chateaudedigoine.fr\/wp-content\/uploads\/2019\/07\/03-1024x679.jpg","type":"","width":"","height":""}],"twitter_card":"summary_large_image","twitter_misc":{"Estimated reading time":"4 minutes"},"schema":{"@context":"https:\/\/schema.org","@graph":[{"@type":"WebPage","@id":"http:\/\/chateaudedigoine.fr\/historique-digoine\/","url":"http:\/\/chateaudedigoine.fr\/historique-digoine\/","name":"Vivez l'histoire du Ch\u00e2teau de Digoine du Moyen \u00c2ge \u00e0 aujourd'hui !","isPartOf":{"@id":"http:\/\/chateaudedigoine.fr\/#website"},"primaryImageOfPage":{"@id":"http:\/\/chateaudedigoine.fr\/historique-digoine\/#primaryimage"},"image":{"@id":"http:\/\/chateaudedigoine.fr\/historique-digoine\/#primaryimage"},"thumbnailUrl":"http:\/\/chateaudedigoine.fr\/wp-content\/uploads\/2019\/07\/03-1024x679.jpg","datePublished":"2014-09-07T13:09:12+00:00","dateModified":"2020-07-08T12:16:27+00:00","description":"L\u2019histoire du ch\u00e2teau remonte \u00e0 1390 avec les Damas de Digoine. Depuis, les Reclesne, les Chabrillan, les de Croix, et Jean-Louis R\u00e9milleux l'ont occup\u00e9.","breadcrumb":{"@id":"http:\/\/chateaudedigoine.fr\/historique-digoine\/#breadcrumb"},"inLanguage":"en-GB","potentialAction":[{"@type":"ReadAction","target":["http:\/\/chateaudedigoine.fr\/historique-digoine\/"]}]},{"@type":"ImageObject","inLanguage":"en-GB","@id":"http:\/\/chateaudedigoine.fr\/historique-digoine\/#primaryimage","url":"http:\/\/chateaudedigoine.fr\/wp-content\/uploads\/2019\/07\/03-1024x679.jpg","contentUrl":"http:\/\/chateaudedigoine.fr\/wp-content\/uploads\/2019\/07\/03-1024x679.jpg"},{"@type":"BreadcrumbList","@id":"http:\/\/chateaudedigoine.fr\/historique-digoine\/#breadcrumb","itemListElement":[{"@type":"ListItem","position":1,"name":"Accueil","item":"http:\/\/chateaudedigoine.fr\/"},{"@type":"ListItem","position":2,"name":"Histoire"}]},{"@type":"WebSite","@id":"http:\/\/chateaudedigoine.fr\/#website","url":"http:\/\/chateaudedigoine.fr\/","name":"Castle of Digoine","description":"The Pearl of Charolais","publisher":{"@id":"http:\/\/chateaudedigoine.fr\/#organization"},"potentialAction":[{"@type":"SearchAction","target":{"@type":"EntryPoint","urlTemplate":"http:\/\/chateaudedigoine.fr\/?s={search_term_string}"},"query-input":{"@type":"PropertyValueSpecification","valueRequired":true,"valueName":"search_term_string"}}],"inLanguage":"en-GB"},{"@type":"Organization","@id":"http:\/\/chateaudedigoine.fr\/#organization","name":"Castle of Digoine","url":"http:\/\/chateaudedigoine.fr\/","logo":{"@type":"ImageObject","inLanguage":"en-GB","@id":"http:\/\/chateaudedigoine.fr\/#\/schema\/logo\/image\/","url":"http:\/\/chateaudedigoine.fr\/wp-content\/uploads\/2019\/09\/logo_xl_jpg_brut-e1567431766367.jpg","contentUrl":"http:\/\/chateaudedigoine.fr\/wp-content\/uploads\/2019\/09\/logo_xl_jpg_brut-e1567431766367.jpg","width":750,"height":550,"caption":"Ch\u00e2teau de Digoine"},"image":{"@id":"http:\/\/chateaudedigoine.fr\/#\/schema\/logo\/image\/"},"sameAs":["https:\/\/fr-fr.facebook.com\/chateaudedigoine\/","https:\/\/www.instagram.com\/chateaudedigoine\/","https:\/\/www.youtube.com\/watch?v=rJiehT9rW20","https:\/\/fr.wikipedia.org\/wiki\/Ch\u00e2teau_de_Digoine_(Palinges)"]}]}},"_links":{"self":[{"href":"http:\/\/chateaudedigoine.fr\/en\/wp-json\/wp\/v2\/pages\/16","targetHints":{"allow":["GET"]}}],"collection":[{"href":"http:\/\/chateaudedigoine.fr\/en\/wp-json\/wp\/v2\/pages"}],"about":[{"href":"http:\/\/chateaudedigoine.fr\/en\/wp-json\/wp\/v2\/types\/page"}],"author":[{"embeddable":true,"href":"http:\/\/chateaudedigoine.fr\/en\/wp-json\/wp\/v2\/users\/1"}],"replies":[{"embeddable":true,"href":"http:\/\/chateaudedigoine.fr\/en\/wp-json\/wp\/v2\/comments?post=16"}],"version-history":[{"count":25,"href":"http:\/\/chateaudedigoine.fr\/en\/wp-json\/wp\/v2\/pages\/16\/revisions"}],"predecessor-version":[{"id":1163,"href":"http:\/\/chateaudedigoine.fr\/en\/wp-json\/wp\/v2\/pages\/16\/revisions\/1163"}],"wp:attachment":[{"href":"http:\/\/chateaudedigoine.fr\/en\/wp-json\/wp\/v2\/media?parent=16"}],"curies":[{"name":"wp","href":"https:\/\/api.w.org\/{rel}","templated":true}]}}