{"id":18,"date":"2014-09-07T13:09:42","date_gmt":"2014-09-07T13:09:42","guid":{"rendered":"http:\/\/chateaudedigoine.fr\/?page_id=18"},"modified":"2020-07-07T13:53:04","modified_gmt":"2020-07-07T13:53:04","slug":"contact","status":"publish","type":"page","link":"http:\/\/chateaudedigoine.fr\/en\/contact\/","title":{"rendered":"Acces &amp; Contact"},"content":{"rendered":"<p style=\"text-align: center;\"><a href=\"http:\/\/chateaudedigoine.fr\/wp-content\/uploads\/2020\/07\/plan_d_acces.jpg\"><img loading=\"lazy\" decoding=\"async\" src=\"http:\/\/chateaudedigoine.fr\/wp-content\/uploads\/2020\/07\/plan_d_acces.jpg\" alt=\"Plan d'acc\u00e8s\" class=\"aligncenter  wp-image-1066\" width=\"400\" height=\"338\" srcset=\"http:\/\/chateaudedigoine.fr\/wp-content\/uploads\/2020\/07\/plan_d_acces.jpg 594w, http:\/\/chateaudedigoine.fr\/wp-content\/uploads\/2020\/07\/plan_d_acces-300x254.jpg 300w\" sizes=\"auto, (max-width: 400px) 100vw, 400px\" \/><\/a><\/p>\n<p style=\"text-align: center;\"><strong data-rich-text-format-boundary=\"true\">Le Ch\u00e2teau et les Jardins de Digoine<\/strong> se trouvent dans la<strong> commune de <a href=\"https:\/\/fr.wikipedia.org\/wiki\/Palinges\">Palinges<\/a><\/strong> au coeur du <strong>pays Charolais<\/strong> dans le d\u00e9partement de la <strong>Sa\u00f4ne-et-Loire<\/strong> et dans la r\u00e9gion <strong>Bourgogne-Franche-Comt\u00e9.<\/strong><\/p>\n<hr \/>\n<h4 style=\"text-align: center;\"><strong><span style=\"color: #008080;\">Acc\u00e8s :<\/span><\/strong><\/h4>\n<p style=\"text-align: center;\">Pour rejoindre le Ch\u00e2teau et les Jardins de Digoine :<br data-rich-text-line-break=\"true\" \/><br data-rich-text-line-break=\"true\" \/><strong>&#8211; Par la RCEA :<\/strong><br data-rich-text-line-break=\"true\" \/>Sortir \u00e0 l&rsquo;\u00e9changeur n\u00b019 direction Palinges<br data-rich-text-line-break=\"true\" \/><br data-rich-text-line-break=\"true\" \/><strong>&#8211; Coordonn\u00e9es :<\/strong><br data-rich-text-line-break=\"true\" \/>46\u00b0 31&rsquo;55\u00a0\u00bb Nord, 4\u00b0 12&prime; 42\u00a0\u00bb Est<\/p>\n<hr \/>\n<h4 style=\"text-align: center;\"><a href=\"http:\/\/chateaudedigoine.fr\/wp-content\/uploads\/2020\/07\/logo_xl_jpg_brut.jpg\"><\/a><span><span style=\"color: #008080;\"><strong>Contact :<\/strong><\/span><br \/><\/span><\/h4>\n<p style=\"text-align: center;\"><a href=\"http:\/\/chateaudedigoine.fr\/wp-content\/uploads\/2020\/07\/logo_xl_jpg_brut.jpg\"><img loading=\"lazy\" decoding=\"async\" src=\"http:\/\/chateaudedigoine.fr\/wp-content\/uploads\/2020\/07\/logo_xl_jpg_brut-1024x751.jpg\" alt=\"Modes de contact de l'\u00e9quipe du Ch\u00e2teau de Digoine\" class=\"aligncenter wp-image-1071\" width=\"401\" height=\"294\" srcset=\"http:\/\/chateaudedigoine.fr\/wp-content\/uploads\/2020\/07\/logo_xl_jpg_brut-1024x751.jpg 1024w, http:\/\/chateaudedigoine.fr\/wp-content\/uploads\/2020\/07\/logo_xl_jpg_brut-300x220.jpg 300w, http:\/\/chateaudedigoine.fr\/wp-content\/uploads\/2020\/07\/logo_xl_jpg_brut-768x563.jpg 768w, http:\/\/chateaudedigoine.fr\/wp-content\/uploads\/2020\/07\/logo_xl_jpg_brut.jpg 1500w\" sizes=\"auto, (max-width: 401px) 100vw, 401px\" \/><\/a><\/p>\n<p style=\"text-align: center;\">71430 Palinges<\/p>\n<p style=\"text-align: center;\">T\u00e9l: 03.85.70.20.27<\/p>\n<p style=\"text-align: center;\">contact@chateaudedigoine.fr<\/p>\n<p style=\"text-align: center;\"><a href=\"http:\/\/chateaudedigoine.fr\/en\/\"><span style=\"color: #ff0000;\"><strong>www.chateaudedigoine.fr<\/strong><\/span><\/a><\/p>\n<p style=\"text-align: center;\"><\/p>\n<p style=\"text-align: center;\">Suivez l&rsquo;actualit\u00e9 du Ch\u00e2teau de Digoine sur <a href=\"https:\/\/fr-fr.facebook.com\/chateaudedigoine\/\">Facebook<\/a> et <a href=\"https:\/\/www.instagram.com\/chateaudedigoine\/\">Instagram<\/a><\/p>\n<p style=\"text-align: center;\"><\/p>\n\n\n\n<p style=\"text-align: center;\">&nbsp;<\/p>\n<p style=\"text-align: center;\"><a href=\"http:\/\/chateaudedigoine.fr\/en\/\">Back to the homepage<\/a><\/p>\n\n\n\n<p><\/p>","protected":false},"excerpt":{"rendered":"<p>Le Ch\u00e2teau et les Jardins de Digoine se trouvent dans la commune de Palinges au coeur du pays Charolais dans le d\u00e9partement de la Sa\u00f4ne-et-Loire et dans la r\u00e9gion Bourgogne-Franche-Comt\u00e9. Acc\u00e8s : Pour rejoindre le Ch\u00e2teau et les Jardins de Digoine :&#8211; Par la RCEA :Sortir \u00e0 l&rsquo;\u00e9changeur n\u00b019 direction [&hellip;]<\/p>\n","protected":false},"author":1,"featured_media":0,"parent":0,"menu_order":0,"comment_status":"closed","ping_status":"open","template":"","meta":{"footnotes":""},"class_list":["post-18","page","type-page","status-publish","hentry"],"yoast_head":"<!-- This site is optimized with the Yoast SEO plugin v27.0 - https:\/\/yoast.com\/product\/yoast-seo-wordpress\/ -->\n<title>Plan d&#039;acc\u00e8s et contact de l&#039;\u00e9quipe du Ch\u00e2teau de Digoine<\/title>\n<meta name=\"description\" content=\"Retrouvez-le plan d&#039;acc\u00e8s et les modes de contact de l&#039;\u00e9quipe du Ch\u00e2teau de Digoine. Utilisez aussi les r\u00e9seaux sociaux pour des \u00e9changes en temps r\u00e9el !\" \/>\n<meta name=\"robots\" content=\"index, follow, max-snippet:-1, max-image-preview:large, max-video-preview:-1\" \/>\n<link rel=\"canonical\" href=\"http:\/\/chateaudedigoine.fr\/en\/contact\/\" \/>\n<meta property=\"og:locale\" content=\"en_GB\" \/>\n<meta property=\"og:type\" content=\"article\" \/>\n<meta property=\"og:title\" content=\"Plan d&#039;acc\u00e8s et contact de l&#039;\u00e9quipe du Ch\u00e2teau de Digoine\" \/>\n<meta property=\"og:description\" content=\"Retrouvez-le plan d&#039;acc\u00e8s et les modes de contact de l&#039;\u00e9quipe du Ch\u00e2teau de Digoine. Utilisez aussi les r\u00e9seaux sociaux pour des \u00e9changes en temps r\u00e9el !\" \/>\n<meta property=\"og:url\" content=\"http:\/\/chateaudedigoine.fr\/en\/contact\/\" \/>\n<meta property=\"og:site_name\" content=\"Ch\u00e2teau de Digoine\" \/>\n<meta property=\"article:publisher\" content=\"https:\/\/fr-fr.facebook.com\/chateaudedigoine\/\" \/>\n<meta property=\"article:modified_time\" content=\"2020-07-07T13:53:04+00:00\" \/>\n<meta property=\"og:image\" content=\"http:\/\/chateaudedigoine.fr\/wp-content\/uploads\/2020\/07\/plan_d_acces.jpg\" \/>\n<meta name=\"twitter:card\" content=\"summary_large_image\" \/>\n<script type=\"application\/ld+json\" class=\"yoast-schema-graph\">{\"@context\":\"https:\/\/schema.org\",\"@graph\":[{\"@type\":\"WebPage\",\"@id\":\"http:\/\/chateaudedigoine.fr\/contact\/\",\"url\":\"http:\/\/chateaudedigoine.fr\/contact\/\",\"name\":\"Plan d'acc\u00e8s et contact de l'\u00e9quipe du Ch\u00e2teau de Digoine\",\"isPartOf\":{\"@id\":\"http:\/\/chateaudedigoine.fr\/#website\"},\"primaryImageOfPage\":{\"@id\":\"http:\/\/chateaudedigoine.fr\/contact\/#primaryimage\"},\"image\":{\"@id\":\"http:\/\/chateaudedigoine.fr\/contact\/#primaryimage\"},\"thumbnailUrl\":\"http:\/\/chateaudedigoine.fr\/wp-content\/uploads\/2020\/07\/plan_d_acces.jpg\",\"datePublished\":\"2014-09-07T13:09:42+00:00\",\"dateModified\":\"2020-07-07T13:53:04+00:00\",\"description\":\"Retrouvez-le plan d'acc\u00e8s et les modes de contact de l'\u00e9quipe du Ch\u00e2teau de Digoine. Utilisez aussi les r\u00e9seaux sociaux pour des \u00e9changes en temps r\u00e9el !\",\"breadcrumb\":{\"@id\":\"http:\/\/chateaudedigoine.fr\/contact\/#breadcrumb\"},\"inLanguage\":\"en-GB\",\"potentialAction\":[{\"@type\":\"ReadAction\",\"target\":[\"http:\/\/chateaudedigoine.fr\/contact\/\"]}]},{\"@type\":\"ImageObject\",\"inLanguage\":\"en-GB\",\"@id\":\"http:\/\/chateaudedigoine.fr\/contact\/#primaryimage\",\"url\":\"http:\/\/chateaudedigoine.fr\/wp-content\/uploads\/2020\/07\/plan_d_acces.jpg\",\"contentUrl\":\"http:\/\/chateaudedigoine.fr\/wp-content\/uploads\/2020\/07\/plan_d_acces.jpg\"},{\"@type\":\"BreadcrumbList\",\"@id\":\"http:\/\/chateaudedigoine.fr\/contact\/#breadcrumb\",\"itemListElement\":[{\"@type\":\"ListItem\",\"position\":1,\"name\":\"Accueil\",\"item\":\"http:\/\/chateaudedigoine.fr\/\"},{\"@type\":\"ListItem\",\"position\":2,\"name\":\"Acc\u00e8s &#038; Contact\"}]},{\"@type\":\"WebSite\",\"@id\":\"http:\/\/chateaudedigoine.fr\/#website\",\"url\":\"http:\/\/chateaudedigoine.fr\/\",\"name\":\"Ch\u00e2teau de Digoine\",\"description\":\"La Perle du Charolais\",\"publisher\":{\"@id\":\"http:\/\/chateaudedigoine.fr\/#organization\"},\"potentialAction\":[{\"@type\":\"SearchAction\",\"target\":{\"@type\":\"EntryPoint\",\"urlTemplate\":\"http:\/\/chateaudedigoine.fr\/?s={search_term_string}\"},\"query-input\":{\"@type\":\"PropertyValueSpecification\",\"valueRequired\":true,\"valueName\":\"search_term_string\"}}],\"inLanguage\":\"en-GB\"},{\"@type\":\"Organization\",\"@id\":\"http:\/\/chateaudedigoine.fr\/#organization\",\"name\":\"Ch\u00e2teau de Digoine\",\"url\":\"http:\/\/chateaudedigoine.fr\/\",\"logo\":{\"@type\":\"ImageObject\",\"inLanguage\":\"en-GB\",\"@id\":\"http:\/\/chateaudedigoine.fr\/#\/schema\/logo\/image\/\",\"url\":\"http:\/\/chateaudedigoine.fr\/wp-content\/uploads\/2019\/09\/logo_xl_jpg_brut-e1567431766367.jpg\",\"contentUrl\":\"http:\/\/chateaudedigoine.fr\/wp-content\/uploads\/2019\/09\/logo_xl_jpg_brut-e1567431766367.jpg\",\"width\":750,\"height\":550,\"caption\":\"Ch\u00e2teau de Digoine\"},\"image\":{\"@id\":\"http:\/\/chateaudedigoine.fr\/#\/schema\/logo\/image\/\"},\"sameAs\":[\"https:\/\/fr-fr.facebook.com\/chateaudedigoine\/\",\"https:\/\/www.instagram.com\/chateaudedigoine\/\",\"https:\/\/www.youtube.com\/watch?v=rJiehT9rW20\",\"https:\/\/fr.wikipedia.org\/wiki\/Ch\u00e2teau_de_Digoine_(Palinges)\"]}]}<\/script>\n<!-- \/ Yoast SEO plugin. -->","yoast_head_json":{"title":"Plan d'acc\u00e8s et contact de l'\u00e9quipe du Ch\u00e2teau de Digoine","description":"Retrouvez-le plan d'acc\u00e8s et les modes de contact de l'\u00e9quipe du Ch\u00e2teau de Digoine. Utilisez aussi les r\u00e9seaux sociaux pour des \u00e9changes en temps r\u00e9el !","robots":{"index":"index","follow":"follow","max-snippet":"max-snippet:-1","max-image-preview":"max-image-preview:large","max-video-preview":"max-video-preview:-1"},"canonical":"http:\/\/chateaudedigoine.fr\/en\/contact\/","og_locale":"en_GB","og_type":"article","og_title":"Plan d'acc\u00e8s et contact de l'\u00e9quipe du Ch\u00e2teau de Digoine","og_description":"Retrouvez-le plan d'acc\u00e8s et les modes de contact de l'\u00e9quipe du Ch\u00e2teau de Digoine. Utilisez aussi les r\u00e9seaux sociaux pour des \u00e9changes en temps r\u00e9el !","og_url":"http:\/\/chateaudedigoine.fr\/en\/contact\/","og_site_name":"Ch\u00e2teau de Digoine","article_publisher":"https:\/\/fr-fr.facebook.com\/chateaudedigoine\/","article_modified_time":"2020-07-07T13:53:04+00:00","og_image":[{"url":"http:\/\/chateaudedigoine.fr\/wp-content\/uploads\/2020\/07\/plan_d_acces.jpg","type":"","width":"","height":""}],"twitter_card":"summary_large_image","schema":{"@context":"https:\/\/schema.org","@graph":[{"@type":"WebPage","@id":"http:\/\/chateaudedigoine.fr\/contact\/","url":"http:\/\/chateaudedigoine.fr\/contact\/","name":"Plan d'acc\u00e8s et contact de l'\u00e9quipe du Ch\u00e2teau de Digoine","isPartOf":{"@id":"http:\/\/chateaudedigoine.fr\/#website"},"primaryImageOfPage":{"@id":"http:\/\/chateaudedigoine.fr\/contact\/#primaryimage"},"image":{"@id":"http:\/\/chateaudedigoine.fr\/contact\/#primaryimage"},"thumbnailUrl":"http:\/\/chateaudedigoine.fr\/wp-content\/uploads\/2020\/07\/plan_d_acces.jpg","datePublished":"2014-09-07T13:09:42+00:00","dateModified":"2020-07-07T13:53:04+00:00","description":"Retrouvez-le plan d'acc\u00e8s et les modes de contact de l'\u00e9quipe du Ch\u00e2teau de Digoine. Utilisez aussi les r\u00e9seaux sociaux pour des \u00e9changes en temps r\u00e9el !","breadcrumb":{"@id":"http:\/\/chateaudedigoine.fr\/contact\/#breadcrumb"},"inLanguage":"en-GB","potentialAction":[{"@type":"ReadAction","target":["http:\/\/chateaudedigoine.fr\/contact\/"]}]},{"@type":"ImageObject","inLanguage":"en-GB","@id":"http:\/\/chateaudedigoine.fr\/contact\/#primaryimage","url":"http:\/\/chateaudedigoine.fr\/wp-content\/uploads\/2020\/07\/plan_d_acces.jpg","contentUrl":"http:\/\/chateaudedigoine.fr\/wp-content\/uploads\/2020\/07\/plan_d_acces.jpg"},{"@type":"BreadcrumbList","@id":"http:\/\/chateaudedigoine.fr\/contact\/#breadcrumb","itemListElement":[{"@type":"ListItem","position":1,"name":"Accueil","item":"http:\/\/chateaudedigoine.fr\/"},{"@type":"ListItem","position":2,"name":"Acc\u00e8s &#038; Contact"}]},{"@type":"WebSite","@id":"http:\/\/chateaudedigoine.fr\/#website","url":"http:\/\/chateaudedigoine.fr\/","name":"Castle of Digoine","description":"The Pearl of Charolais","publisher":{"@id":"http:\/\/chateaudedigoine.fr\/#organization"},"potentialAction":[{"@type":"SearchAction","target":{"@type":"EntryPoint","urlTemplate":"http:\/\/chateaudedigoine.fr\/?s={search_term_string}"},"query-input":{"@type":"PropertyValueSpecification","valueRequired":true,"valueName":"search_term_string"}}],"inLanguage":"en-GB"},{"@type":"Organization","@id":"http:\/\/chateaudedigoine.fr\/#organization","name":"Castle of Digoine","url":"http:\/\/chateaudedigoine.fr\/","logo":{"@type":"ImageObject","inLanguage":"en-GB","@id":"http:\/\/chateaudedigoine.fr\/#\/schema\/logo\/image\/","url":"http:\/\/chateaudedigoine.fr\/wp-content\/uploads\/2019\/09\/logo_xl_jpg_brut-e1567431766367.jpg","contentUrl":"http:\/\/chateaudedigoine.fr\/wp-content\/uploads\/2019\/09\/logo_xl_jpg_brut-e1567431766367.jpg","width":750,"height":550,"caption":"Ch\u00e2teau de Digoine"},"image":{"@id":"http:\/\/chateaudedigoine.fr\/#\/schema\/logo\/image\/"},"sameAs":["https:\/\/fr-fr.facebook.com\/chateaudedigoine\/","https:\/\/www.instagram.com\/chateaudedigoine\/","https:\/\/www.youtube.com\/watch?v=rJiehT9rW20","https:\/\/fr.wikipedia.org\/wiki\/Ch\u00e2teau_de_Digoine_(Palinges)"]}]}},"_links":{"self":[{"href":"http:\/\/chateaudedigoine.fr\/en\/wp-json\/wp\/v2\/pages\/18","targetHints":{"allow":["GET"]}}],"collection":[{"href":"http:\/\/chateaudedigoine.fr\/en\/wp-json\/wp\/v2\/pages"}],"about":[{"href":"http:\/\/chateaudedigoine.fr\/en\/wp-json\/wp\/v2\/types\/page"}],"author":[{"embeddable":true,"href":"http:\/\/chateaudedigoine.fr\/en\/wp-json\/wp\/v2\/users\/1"}],"replies":[{"embeddable":true,"href":"http:\/\/chateaudedigoine.fr\/en\/wp-json\/wp\/v2\/comments?post=18"}],"version-history":[{"count":16,"href":"http:\/\/chateaudedigoine.fr\/en\/wp-json\/wp\/v2\/pages\/18\/revisions"}],"predecessor-version":[{"id":1141,"href":"http:\/\/chateaudedigoine.fr\/en\/wp-json\/wp\/v2\/pages\/18\/revisions\/1141"}],"wp:attachment":[{"href":"http:\/\/chateaudedigoine.fr\/en\/wp-json\/wp\/v2\/media?parent=18"}],"curies":[{"name":"wp","href":"https:\/\/api.w.org\/{rel}","templated":true}]}}