{"id":20,"date":"2014-09-07T13:10:19","date_gmt":"2014-09-07T13:10:19","guid":{"rendered":"http:\/\/chateaudedigoine.fr\/?page_id=20"},"modified":"2025-09-04T13:05:56","modified_gmt":"2025-09-04T13:05:56","slug":"a-proximite","status":"publish","type":"page","link":"http:\/\/chateaudedigoine.fr\/en\/a-proximite\/","title":{"rendered":"Proximity services"},"content":{"rendered":"<div class=\"wp-block-image\">\n<figure class=\"aligncenter size-large is-resized\"><a href=\"http:\/\/chateaudedigoine.fr\/wp-content\/uploads\/2020\/07\/DSC04991-scaled.jpg\"><img loading=\"lazy\" decoding=\"async\" width=\"1024\" height=\"768\" src=\"http:\/\/chateaudedigoine.fr\/wp-content\/uploads\/2020\/07\/DSC04991-1024x768.jpg\" alt=\"Parcourez le Charolais et d\u00e9couvrez des \u00e9tablissements de qualit\u00e9 \u00e0 proximit\u00e9 du Ch\u00e2teau de Digoine !\" class=\"wp-image-1043\" style=\"width:376px;height:284px\" srcset=\"http:\/\/chateaudedigoine.fr\/wp-content\/uploads\/2020\/07\/DSC04991-1024x768.jpg 1024w, http:\/\/chateaudedigoine.fr\/wp-content\/uploads\/2020\/07\/DSC04991-300x225.jpg 300w, http:\/\/chateaudedigoine.fr\/wp-content\/uploads\/2020\/07\/DSC04991-768x576.jpg 768w, http:\/\/chateaudedigoine.fr\/wp-content\/uploads\/2020\/07\/DSC04991-1536x1152.jpg 1536w, http:\/\/chateaudedigoine.fr\/wp-content\/uploads\/2020\/07\/DSC04991-2048x1536.jpg 2048w\" sizes=\"auto, (max-width: 1024px) 100vw, 1024px\" \/><\/a><figcaption class=\"wp-element-caption\">Chemin de promenade autour de l&rsquo;\u00e9tang du Ch\u00e2teau de Digoine<\/figcaption><\/figure>\n<\/div>\n\n\n<hr class=\"wp-block-separator has-css-opacity is-style-wide\"\/>\n\n\n\n<p style=\"text-align: center;\">Agr\u00e9mentez votre s\u00e9jour avec notre s\u00e9lection de restaurants, h\u00f4tels, chambres d&rsquo;h\u00f4tes, ch\u00e2teaux, mus\u00e9es et offices du tourisme situ\u00e9s \u00e0 proximit\u00e9 du Ch\u00e2teau de Digoine.<\/p>\n<hr>\n<p><\/p>\n\n\n<h4 style=\"text-align: center;\"><span style=\"color: #800000;\"><strong><span style=\"color: #008080;\">RESTAURANTS \u00c0 PROXIMIT\u00c9<\/span><br \/><\/strong><\/span><\/h4>\n<hr \/>\n<p style=\"text-align: center;\"><strong>Restaurant la Bourbince<\/strong> &#8211; 71400 Paray-le-Monial &#8211; 03 85 88 83 17<\/p>\n<hr \/>\n<p style=\"text-align: center;\"><strong>La Trattoria Paola<\/strong> &#8211; 71400 Paray-le-Monial &#8211; 06 28 08 66 99<\/p>\n<hr \/>\n<p style=\"text-align: center;\"><strong>Le Bistrot du Quai<\/strong> &#8211; 71120 Charolles &#8211; 03 85 25 51 75<\/p>\n<p style=\"text-align: center;\"><a href=\"https:\/\/maison-doucet.com\/fr\/brasserie.html\">https:\/\/maison-doucet.com\/fr\/brasserie.html<\/a><\/p>\n<hr \/>\n<p style=\"text-align: center;\"><strong>La Petite Auberge<\/strong> &#8211; 71420 Marly-sur-Arroux &#8211; 03.85.79.33.16<\/p>\n<hr \/>\n<p style=\"text-align: center;\"><strong>L&rsquo;\u00c9vidence <\/strong>&#8211; 14 rue nationale, 71160 Digoin &#8211; 03.85.25.07.26<\/p>\n<p style=\"text-align: center;\"><a href=\"https:\/\/www.restaurant-levidence.fr\/\">https:\/\/www.restaurant-levidence.fr<\/a><\/p>\n<hr \/>\n<p style=\"text-align: center;\"><strong>Restaurant de la Poste<\/strong> &#8211; 71600 Poisson &#8211; 03.85.81.10.72<\/p>\n<p style=\"text-align: center;\"><a href=\"https:\/\/www.hotelreconce.com\/our_property\">https:\/\/www.hotelreconce.com\/our_property<\/a><\/p>\n<hr \/>\n<p style=\"text-align: center;\"><strong>Auberge de Baudemont<\/strong> &#8211; 71800 Baudemont<\/p>\n<p style=\"text-align: center;\"><a href=\"https:\/\/www.laubergedebaudemont.fr\/\">https:\/\/www.laubergedebaudemont.fr<\/a><\/p>\n<hr \/>\n<p style=\"text-align: center;\"><strong>Caf\u00e9 le M\u00e9ridien <\/strong>&#8211; 71320 Toulon sur Arroux &#8211; <span class=\"LrzXr zdqRlf kno-fv\"><span data-dtype=\"d3ifr\" data-local-attribute=\"d3ph\">03.85.57.77.12<\/span><\/span><\/p>\n<p style=\"text-align: center;\"><a href=\"https:\/\/fr-fr.facebook.com\/lemeridienbarrestaurant\/\">https:\/\/fr-fr.facebook.com\/lemeridienbarrestaurant<\/a><\/p>\n<hr \/>\n<p style=\"text-align: center;\"><strong>Maison Fr\u00e9d\u00e9ric Doucet<\/strong>\u00a0 &#8211; 71120 Charolles &#8211; 03 85 24 11 32<\/p>\n<p style=\"text-align: center;\"><a href=\"http:\/\/www.hotel-laposte-doucet.com\/fr\/restaurant.html\">http:\/\/www.hotel-laposte-doucet.com\/fr\/restaurant.html<\/a><\/p>\n<hr \/>\n<h4 style=\"text-align: center;\"><span style=\"color: #008080;\"><strong>H\u00d4TELS ET CHAMBRES D&rsquo;H\u00d4TES \u00c0 PROXIMIT\u00c9<br \/><\/strong><\/span><\/h4>\n<hr \/>\n<p style=\"text-align: center;\"><strong>Camping du lac de Palinges<\/strong> &#8211; 71430 Palinges &#8211; 03.85.88.14.49<\/p>\n<p style=\"text-align: center;\"><a href=\"https:\/\/www.campingdulac.eu\/\">https:\/\/www.campingdulac.eu<\/a><\/p>\n<hr \/>\n<p style=\"text-align: center;\"><strong>Chez Nick et Martine\u00a0<\/strong>&#8211; 71430 Palinges &#8211; 06.30.25.99.44<\/p>\n<div dir=\"auto\" style=\"text-align: center;\">\u00a0 <a href=\"http:\/\/www.chez-nick-et-martine.com\">www.chez-nick-et-martine.com<\/a><\/div>\n<div dir=\"auto\"><hr \/><\/div>\n<p style=\"text-align: center;\"><strong>Maison du Champ <\/strong>&#8211; 382, impasse du Champ &#8211; 71120 BARON Le Charolais &#8211; 06.09.54.25.47<\/p>\n<p style=\"text-align: center;\">https:\/\/www.gites.fr\/gites_maison-du-champ-au-calme-tres-belle-vue-_baron_97447.htm<\/p>\n<hr \/>\n<p style=\"text-align: center;\"><strong>Le Vallon de Paray<\/strong> &#8211; 71600 Paray-le-Monial &#8211; <span class=\"LrzXr zdqRlf kno-fv\"><span data-dtype=\"d3ifr\" data-local-attribute=\"d3ph\">06.10.25.35.43<\/span><\/span><\/p>\n<p style=\"text-align: center;\"><a href=\"https:\/\/www.levallondeparay.com\/fr-fr\">https:\/\/www.levallondeparay.com\/fr-fr<\/a><\/p>\n<hr \/>\n<p style=\"text-align: center;\"><strong>H\u00f4tel La Reconce &#8211; <\/strong>71600 Poisson &#8211; <span class=\"LrzXr zdqRlf kno-fv\"><span data-dtype=\"d3ifr\" data-local-attribute=\"d3ph\">03 85 81 10 72<\/span><\/span><\/p>\n<p style=\"text-align: center;\"><a href=\"https:\/\/www.hotelreconce.com\/hotel-3-etoiles\">https:\/\/www.hotelreconce.com\/hotel-3-etoiles<\/a><\/p>\n<hr \/>\n<p style=\"text-align: center;\"><strong>Maison Fr\u00e9d\u00e9ric Doucet<\/strong> &#8211; 71120 Charolles &#8211; <span class=\"LrzXr zdqRlf kno-fv\"><span data-dtype=\"d3ifr\" data-local-attribute=\"d3ph\">03 85 24 11 32<\/span><\/span><\/p>\n<p style=\"text-align: center;\"><a href=\"https:\/\/www.maison-doucet.com\/fr\/hotel.html\">https:\/\/www.maison-doucet.com\/fr\/hotel.html<\/a><\/p>\n<hr \/>\n<h4 style=\"text-align: center;\"><strong><span style=\"color: #008080;\">CH\u00c2TEAUX <\/span><\/strong><span style=\"color: #008080;\"><strong>\u00c0 PROXIMIT\u00c9<\/strong><\/span><\/h4>\n<hr \/>\n<p style=\"text-align: center;\"><strong>Ch\u00e2teau de Berz\u00e9 le Ch\u00e2tel*<\/strong> &#8211; 71960 Berz\u00e9 le Ch\u00e2tel &#8211; 03.85.36.60.83 &#8211; 06.83.37.03.14<\/p>\n<p style=\"text-align: center;\"><a href=\"http:\/\/www.berze.fr\">www.berze.fr<\/a><\/p>\n<hr \/>\n<p style=\"text-align: center;\"><strong>Ch\u00e2teau de Brancion*<\/strong> &#8211; 71700 Martailly les Brancion &#8211; 03.85.32.19.70<\/p>\n<p style=\"text-align: center;\">chateaudebrancion@orange.fr<\/p>\n<p style=\"text-align: center;\"><a href=\"http:\/\/www.chateau-de-brancion.fr\">www.chateau-de-brancion.fr<\/a><\/p>\n<hr \/>\n<p style=\"text-align: center;\"><strong>\u00c9curies de Chaumont en Charolais <\/strong>&#8211; 71220 St Bonnet de Joux &#8211; 03.85.24.26.30<\/p>\n<p style=\"text-align: center;\">chaumont.laguiche@gmail.com<\/p>\n<p style=\"text-align: center;\"><a href=\"http:\/\/www.chaumont-laguiche.fr\">www.chaumont-laguiche.fr<\/a><\/p>\n<hr \/>\n<p style=\"text-align: center;\"><strong>Ch\u00e2teau de Cormatin* <\/strong>&#8211; 71460 Cormatin<\/p>\n<p style=\"text-align: center;\">03.85.50.16.55 &#8211; <a href=\"http:\/\/www.chateaudecormatin.com\">www.chateaudecormatin.com<\/a><\/p>\n<hr \/>\n<p style=\"text-align: center;\"><strong>Ch\u00e2teau de Couches* <\/strong>&#8211; 71490 Couches &#8211; 03.85.45.57.99<\/p>\n<p style=\"text-align: center;\">contact@chateaudecouches.com &#8211;\u00a0<a href=\"http:\/\/www.chateaudecouches.com\">www.chateaudecouches.com<\/a><\/p>\n<hr \/>\n<p style=\"text-align: center;\"><strong>Ch\u00e2teau de Dr\u00e9e* <\/strong>&#8211; 71800 Curbigny &#8211; 03.85.26.84.80<\/p>\n<p style=\"text-align: center;\">contact@chateau-de-dree.com &#8211;\u00a0<a href=\"http:\/\/www.chateau-de-dree.com\">www.chateau-de-dree.com<\/a><\/p>\n<hr \/>\n<p style=\"text-align: center;\"><strong>Ch\u00e2teau de Germolles* <\/strong>&#8211; 71640 Germolles &#8211; 03.85.98.01.24<\/p>\n<p style=\"text-align: center;\">chateaudegermolles@gmail.com &#8211;\u00a0<a href=\"http:\/\/www.chateaudegermolles.fr\">www.chateaudegermolles.fr<\/a><\/p>\n<hr \/>\n<p style=\"text-align: center;\"><strong>Abbaye de la Fert\u00e9<\/strong> &#8211; 71240 St Ambreuil &#8211; 06.22.91.40.11<\/p>\n<p style=\"text-align: center;\">Abbayedelaferte71@gmail.com &#8211;\u00a0<a href=\"http:\/\/www.abbayedelaferte.com\">www.abbayedelaferte.com<\/a><\/p>\n<hr \/>\n<p style=\"text-align: center;\"><strong>Ch\u00e2teau de Pierreclos*<\/strong> &#8211; 71960 Pierreclos &#8211; 03.85.35.73.73<\/p>\n<p style=\"text-align: center;\">contact@chateaudepierreclos.com &#8211;\u00a0<a href=\"http:\/\/www.chateaudepierreclos.com\">www.chateaudepierreclos.com<\/a><\/p>\n<hr \/>\n<p style=\"text-align: center;\"><strong>Ch\u00e2teau de Pierre de Bresse* <\/strong>&#8211; 71270 Pierre de Bresse &#8211; 03.85.76.27.16<\/p>\n<p style=\"text-align: center;\">ecomusee.de.la.bresse@wanadoo.fr &#8211;\u00a0<a href=\"http:\/\/www.ecomusee-bresse71.fr\">www.ecomusee-bresse71.fr<\/a><\/p>\n<hr \/>\n<p style=\"text-align: center;\"><strong>Ch\u00e2teau de Rully <\/strong>&#8211; 71150 Rully &#8211; 03.85.87.20.89<\/p>\n<p style=\"text-align: center;\">chateauderully@hotmail.fr &#8211;\u00a0<a href=\"http:\/\/www.chateauderully.com\">www.chateauderully.com<\/a><\/p>\n<hr \/>\n<p style=\"text-align: center;\"><strong>Ch\u00e2teau de Semur en Brionnais* <\/strong>&#8211; 71110 Semur en Brionnais &#8211; 03.85.25.13.57<\/p>\n<p style=\"text-align: center;\"><a href=\"http:\/\/www.chateau-semur-en-brionnais.fr\">www.chateau-semur-en-brionnais.fr<\/a><\/p>\n<hr \/>\n<p style=\"text-align: center;\"><strong>Ch\u00e2teau de Sully* <\/strong>&#8211; 71360 Sully &#8211; 03.85.82.09.86<\/p>\n<p style=\"text-align: center;\">info@chateaudesully.com &#8211;\u00a0<a href=\"http:\/\/www.chateaudesully.com\">www.chateaudesully.com<\/a><\/p>\n<hr \/>\n<p style=\"text-align: center;\"><strong>Ch\u00e2teau de Fl\u00e9ch\u00e8res* <\/strong>&#8211; 01480 Fareins &#8211; 04.74.67.86.59<\/p>\n<p style=\"text-align: center;\"><a href=\"http:\/\/www.chateaudeflecheres.com\">www.chateaudeflecheres.com<\/a><\/p>\n<p style=\"text-align: center;\"><strong>Ch\u00e2teau de Saint Point <\/strong>&#8211; 71520 Saint Point &#8211; 06 73 01 94 59<\/p>\n<p style=\"text-align: center;\"><a href=\"http:\/\/www.chateaudelamartine.fr\">http:\/\/www.chateaudelamartine.fr<\/a><\/p>\n<hr \/>\n<p style=\"text-align: center;\">* Une entr\u00e9e \u00e0 plein tarif au Ch\u00e2teau de Digoine donne droit \u00e0 une entr\u00e9e \u00e0 tarif r\u00e9duit dans ce site<\/p>\n<hr \/>\n<h4 style=\"text-align: center;\"><strong><span style=\"color: #008080;\">MUS<b>\u00c9<\/b>ES \u00c0 PROXIMIT\u00c9<\/span><br \/><\/strong><\/h4>\n<hr \/>\n<p style=\"text-align: center;\">Les Amis du Pass\u00e9 \u2013 Mus\u00e9e de Palinges &#8211; 17, rue de l\u2019Eglise \u2013 71430 Palinges &#8211; 03.85.88.11.88<\/p>\n<hr \/>\n<p style=\"text-align: center;\">Mus\u00e9e du Prieur\u00e9 &#8211; 71120 Charolles &#8211; <span class=\"LrzXr zdqRlf kno-fv\"><span data-dtype=\"d3ifr\" data-local-attribute=\"d3ph\">03 85 24 24 74<\/span><\/span><\/p>\n<p style=\"text-align: center;\"><a href=\"http:\/\/www.ville-charolles.fr\">www.ville-charolles.fr<\/a><\/p>\n<hr \/>\n<p style=\"text-align: center;\">La Maison du Charolais \u00e0 Charolles &#8211; 71120 Charolles &#8211; <span class=\"LrzXr zdqRlf kno-fv\"><span data-dtype=\"d3ifr\" data-local-attribute=\"d3ph\">03.85.88.04.00<\/span><\/span><\/p>\n<p style=\"text-align: center;\"><a href=\"http:\/\/www.maison-charolais.com\">www.maison-charolais.com<\/a><\/p>\n<hr \/>\n<p style=\"text-align: center;\">Mus\u00e9e du Hieron \u00e0 Paray-le-Monial &#8211; 71600 Paray-le-Monial &#8211; <span class=\"LrzXr zdqRlf kno-fv\"><span data-dtype=\"d3ifr\" data-local-attribute=\"d3ph\">03.85.81.79.72<\/span><\/span><\/p>\n<p style=\"text-align: center;\"><a href=\"http:\/\/www.musee-hieron.fr\">www.musee-hieron.fr<\/a><\/p>\n<hr \/>\n<h4 style=\"text-align: center;\"><strong><span style=\"color: #008080;\">OFFICES DU TOURISME \u00c0 PROXIMIT\u00c9<\/span><br \/><\/strong><\/h4>\n<hr \/>\n<p style=\"text-align: center;\">Office du tourisme de Paray-le-Monial &#8211; 71600 Paray-le-Monial &#8211; <span class=\"LrzXr zdqRlf kno-fv\"><span data-dtype=\"d3ifr\" data-local-attribute=\"d3ph\"><\/span><\/span><span class=\"LrzXr zdqRlf kno-fv\"><span data-dtype=\"d3ifr\" data-local-attribute=\"d3ph\">03.85.81.10.92<\/span><\/span><\/p>\n<p style=\"text-align: center;\"><a href=\"http:\/\/www.tourisme-paraylemonial.fr\/\">http:\/\/www.tourisme-paraylemonial.fr\/<\/a><\/p>\n<hr \/>\n<p style=\"text-align: center;\">Office du tourisme de Charolles &#8211; 71120 Charolles &#8211; <span class=\"LrzXr zdqRlf kno-fv\"><span data-dtype=\"d3ifr\" data-local-attribute=\"d3ph\">03.85.24.05.95<\/span><\/span><\/p>\n<p style=\"text-align: center;\"><a href=\"http:\/\/www.ville-charolles.fr\/tourisme\">http:\/\/www.ville-charolles.fr\/tourisme<\/a><\/p>\n<hr \/>\n\n\n<p style=\"text-align: center;\"><\/p>\n<p style=\"text-align: center;\"><a href=\"http:\/\/chateaudedigoine.fr\/en\/\">Back to the homepage<\/a><\/p>","protected":false},"excerpt":{"rendered":"<p>Agr\u00e9mentez votre s\u00e9jour avec notre s\u00e9lection de restaurants, h\u00f4tels, chambres d&rsquo;h\u00f4tes, ch\u00e2teaux, mus\u00e9es et offices du tourisme situ\u00e9s \u00e0 proximit\u00e9 du Ch\u00e2teau de Digoine. RESTAURANTS \u00c0 PROXIMIT\u00c9 Restaurant la Bourbince &#8211; 71400 Paray-le-Monial &#8211; 03 85 88 83 17 La Trattoria Paola &#8211; 71400 Paray-le-Monial &#8211; 06 28 08 66 [&hellip;]<\/p>\n","protected":false},"author":1,"featured_media":0,"parent":0,"menu_order":0,"comment_status":"closed","ping_status":"open","template":"","meta":{"footnotes":""},"class_list":["post-20","page","type-page","status-publish","hentry"],"yoast_head":"<!-- This site is optimized with the Yoast SEO plugin v27.0 - https:\/\/yoast.com\/product\/yoast-seo-wordpress\/ -->\n<title>\u00c0 proximit\u00e9 de Digoine, des \u00e9tablissements de qualit\u00e9 vous attendent !<\/title>\n<meta name=\"description\" content=\"Agr\u00e9mentez votre s\u00e9jour avec notre s\u00e9lection de restaurants, h\u00f4tels, chambres d&#039;h\u00f4tes, ch\u00e2teaux, mus\u00e9es et offices du tourisme situ\u00e9s \u00e0 proximit\u00e9 du site.\" \/>\n<meta name=\"robots\" content=\"index, follow, max-snippet:-1, max-image-preview:large, max-video-preview:-1\" \/>\n<link rel=\"canonical\" href=\"http:\/\/chateaudedigoine.fr\/en\/a-proximite\/\" \/>\n<meta property=\"og:locale\" content=\"en_GB\" \/>\n<meta property=\"og:type\" content=\"article\" \/>\n<meta property=\"og:title\" content=\"\u00c0 proximit\u00e9 de Digoine, des \u00e9tablissements de qualit\u00e9 vous attendent !\" \/>\n<meta property=\"og:description\" content=\"Agr\u00e9mentez votre s\u00e9jour avec notre s\u00e9lection de restaurants, h\u00f4tels, chambres d&#039;h\u00f4tes, ch\u00e2teaux, mus\u00e9es et offices du tourisme situ\u00e9s \u00e0 proximit\u00e9 du site.\" \/>\n<meta property=\"og:url\" content=\"http:\/\/chateaudedigoine.fr\/en\/a-proximite\/\" \/>\n<meta property=\"og:site_name\" content=\"Ch\u00e2teau de Digoine\" \/>\n<meta property=\"article:publisher\" content=\"https:\/\/fr-fr.facebook.com\/chateaudedigoine\/\" \/>\n<meta property=\"article:modified_time\" content=\"2025-09-04T13:05:56+00:00\" \/>\n<meta property=\"og:image\" content=\"http:\/\/chateaudedigoine.fr\/wp-content\/uploads\/2020\/07\/DSC04991-scaled.jpg\" \/>\n\t<meta property=\"og:image:width\" content=\"2560\" \/>\n\t<meta property=\"og:image:height\" content=\"1920\" \/>\n\t<meta property=\"og:image:type\" content=\"image\/jpeg\" \/>\n<meta name=\"twitter:card\" content=\"summary_large_image\" \/>\n<meta name=\"twitter:label1\" content=\"Estimated reading time\" \/>\n\t<meta name=\"twitter:data1\" content=\"3 minutes\" \/>\n<script type=\"application\/ld+json\" class=\"yoast-schema-graph\">{\"@context\":\"https:\/\/schema.org\",\"@graph\":[{\"@type\":\"WebPage\",\"@id\":\"http:\/\/chateaudedigoine.fr\/a-proximite\/\",\"url\":\"http:\/\/chateaudedigoine.fr\/a-proximite\/\",\"name\":\"\u00c0 proximit\u00e9 de Digoine, des \u00e9tablissements de qualit\u00e9 vous attendent !\",\"isPartOf\":{\"@id\":\"http:\/\/chateaudedigoine.fr\/#website\"},\"primaryImageOfPage\":{\"@id\":\"http:\/\/chateaudedigoine.fr\/a-proximite\/#primaryimage\"},\"image\":{\"@id\":\"http:\/\/chateaudedigoine.fr\/a-proximite\/#primaryimage\"},\"thumbnailUrl\":\"http:\/\/chateaudedigoine.fr\/wp-content\/uploads\/2020\/07\/DSC04991-1024x768.jpg\",\"datePublished\":\"2014-09-07T13:10:19+00:00\",\"dateModified\":\"2025-09-04T13:05:56+00:00\",\"description\":\"Agr\u00e9mentez votre s\u00e9jour avec notre s\u00e9lection de restaurants, h\u00f4tels, chambres d'h\u00f4tes, ch\u00e2teaux, mus\u00e9es et offices du tourisme situ\u00e9s \u00e0 proximit\u00e9 du site.\",\"breadcrumb\":{\"@id\":\"http:\/\/chateaudedigoine.fr\/a-proximite\/#breadcrumb\"},\"inLanguage\":\"en-GB\",\"potentialAction\":[{\"@type\":\"ReadAction\",\"target\":[\"http:\/\/chateaudedigoine.fr\/a-proximite\/\"]}]},{\"@type\":\"ImageObject\",\"inLanguage\":\"en-GB\",\"@id\":\"http:\/\/chateaudedigoine.fr\/a-proximite\/#primaryimage\",\"url\":\"http:\/\/chateaudedigoine.fr\/wp-content\/uploads\/2020\/07\/DSC04991-1024x768.jpg\",\"contentUrl\":\"http:\/\/chateaudedigoine.fr\/wp-content\/uploads\/2020\/07\/DSC04991-1024x768.jpg\"},{\"@type\":\"BreadcrumbList\",\"@id\":\"http:\/\/chateaudedigoine.fr\/a-proximite\/#breadcrumb\",\"itemListElement\":[{\"@type\":\"ListItem\",\"position\":1,\"name\":\"Accueil\",\"item\":\"http:\/\/chateaudedigoine.fr\/\"},{\"@type\":\"ListItem\",\"position\":2,\"name\":\"\u00c0 proximit\u00e9\"}]},{\"@type\":\"WebSite\",\"@id\":\"http:\/\/chateaudedigoine.fr\/#website\",\"url\":\"http:\/\/chateaudedigoine.fr\/\",\"name\":\"Ch\u00e2teau de Digoine\",\"description\":\"La Perle du Charolais\",\"publisher\":{\"@id\":\"http:\/\/chateaudedigoine.fr\/#organization\"},\"potentialAction\":[{\"@type\":\"SearchAction\",\"target\":{\"@type\":\"EntryPoint\",\"urlTemplate\":\"http:\/\/chateaudedigoine.fr\/?s={search_term_string}\"},\"query-input\":{\"@type\":\"PropertyValueSpecification\",\"valueRequired\":true,\"valueName\":\"search_term_string\"}}],\"inLanguage\":\"en-GB\"},{\"@type\":\"Organization\",\"@id\":\"http:\/\/chateaudedigoine.fr\/#organization\",\"name\":\"Ch\u00e2teau de Digoine\",\"url\":\"http:\/\/chateaudedigoine.fr\/\",\"logo\":{\"@type\":\"ImageObject\",\"inLanguage\":\"en-GB\",\"@id\":\"http:\/\/chateaudedigoine.fr\/#\/schema\/logo\/image\/\",\"url\":\"http:\/\/chateaudedigoine.fr\/wp-content\/uploads\/2019\/09\/logo_xl_jpg_brut-e1567431766367.jpg\",\"contentUrl\":\"http:\/\/chateaudedigoine.fr\/wp-content\/uploads\/2019\/09\/logo_xl_jpg_brut-e1567431766367.jpg\",\"width\":750,\"height\":550,\"caption\":\"Ch\u00e2teau de Digoine\"},\"image\":{\"@id\":\"http:\/\/chateaudedigoine.fr\/#\/schema\/logo\/image\/\"},\"sameAs\":[\"https:\/\/fr-fr.facebook.com\/chateaudedigoine\/\",\"https:\/\/www.instagram.com\/chateaudedigoine\/\",\"https:\/\/www.youtube.com\/watch?v=rJiehT9rW20\",\"https:\/\/fr.wikipedia.org\/wiki\/Ch\u00e2teau_de_Digoine_(Palinges)\"]}]}<\/script>\n<!-- \/ Yoast SEO plugin. -->","yoast_head_json":{"title":"\u00c0 proximit\u00e9 de Digoine, des \u00e9tablissements de qualit\u00e9 vous attendent !","description":"Agr\u00e9mentez votre s\u00e9jour avec notre s\u00e9lection de restaurants, h\u00f4tels, chambres d'h\u00f4tes, ch\u00e2teaux, mus\u00e9es et offices du tourisme situ\u00e9s \u00e0 proximit\u00e9 du site.","robots":{"index":"index","follow":"follow","max-snippet":"max-snippet:-1","max-image-preview":"max-image-preview:large","max-video-preview":"max-video-preview:-1"},"canonical":"http:\/\/chateaudedigoine.fr\/en\/a-proximite\/","og_locale":"en_GB","og_type":"article","og_title":"\u00c0 proximit\u00e9 de Digoine, des \u00e9tablissements de qualit\u00e9 vous attendent !","og_description":"Agr\u00e9mentez votre s\u00e9jour avec notre s\u00e9lection de restaurants, h\u00f4tels, chambres d'h\u00f4tes, ch\u00e2teaux, mus\u00e9es et offices du tourisme situ\u00e9s \u00e0 proximit\u00e9 du site.","og_url":"http:\/\/chateaudedigoine.fr\/en\/a-proximite\/","og_site_name":"Ch\u00e2teau de Digoine","article_publisher":"https:\/\/fr-fr.facebook.com\/chateaudedigoine\/","article_modified_time":"2025-09-04T13:05:56+00:00","og_image":[{"width":2560,"height":1920,"url":"http:\/\/chateaudedigoine.fr\/wp-content\/uploads\/2020\/07\/DSC04991-scaled.jpg","type":"image\/jpeg"}],"twitter_card":"summary_large_image","twitter_misc":{"Estimated reading time":"3 minutes"},"schema":{"@context":"https:\/\/schema.org","@graph":[{"@type":"WebPage","@id":"http:\/\/chateaudedigoine.fr\/a-proximite\/","url":"http:\/\/chateaudedigoine.fr\/a-proximite\/","name":"\u00c0 proximit\u00e9 de Digoine, des \u00e9tablissements de qualit\u00e9 vous attendent !","isPartOf":{"@id":"http:\/\/chateaudedigoine.fr\/#website"},"primaryImageOfPage":{"@id":"http:\/\/chateaudedigoine.fr\/a-proximite\/#primaryimage"},"image":{"@id":"http:\/\/chateaudedigoine.fr\/a-proximite\/#primaryimage"},"thumbnailUrl":"http:\/\/chateaudedigoine.fr\/wp-content\/uploads\/2020\/07\/DSC04991-1024x768.jpg","datePublished":"2014-09-07T13:10:19+00:00","dateModified":"2025-09-04T13:05:56+00:00","description":"Agr\u00e9mentez votre s\u00e9jour avec notre s\u00e9lection de restaurants, h\u00f4tels, chambres d'h\u00f4tes, ch\u00e2teaux, mus\u00e9es et offices du tourisme situ\u00e9s \u00e0 proximit\u00e9 du site.","breadcrumb":{"@id":"http:\/\/chateaudedigoine.fr\/a-proximite\/#breadcrumb"},"inLanguage":"en-GB","potentialAction":[{"@type":"ReadAction","target":["http:\/\/chateaudedigoine.fr\/a-proximite\/"]}]},{"@type":"ImageObject","inLanguage":"en-GB","@id":"http:\/\/chateaudedigoine.fr\/a-proximite\/#primaryimage","url":"http:\/\/chateaudedigoine.fr\/wp-content\/uploads\/2020\/07\/DSC04991-1024x768.jpg","contentUrl":"http:\/\/chateaudedigoine.fr\/wp-content\/uploads\/2020\/07\/DSC04991-1024x768.jpg"},{"@type":"BreadcrumbList","@id":"http:\/\/chateaudedigoine.fr\/a-proximite\/#breadcrumb","itemListElement":[{"@type":"ListItem","position":1,"name":"Accueil","item":"http:\/\/chateaudedigoine.fr\/"},{"@type":"ListItem","position":2,"name":"\u00c0 proximit\u00e9"}]},{"@type":"WebSite","@id":"http:\/\/chateaudedigoine.fr\/#website","url":"http:\/\/chateaudedigoine.fr\/","name":"Castle of Digoine","description":"The Pearl of Charolais","publisher":{"@id":"http:\/\/chateaudedigoine.fr\/#organization"},"potentialAction":[{"@type":"SearchAction","target":{"@type":"EntryPoint","urlTemplate":"http:\/\/chateaudedigoine.fr\/?s={search_term_string}"},"query-input":{"@type":"PropertyValueSpecification","valueRequired":true,"valueName":"search_term_string"}}],"inLanguage":"en-GB"},{"@type":"Organization","@id":"http:\/\/chateaudedigoine.fr\/#organization","name":"Castle of Digoine","url":"http:\/\/chateaudedigoine.fr\/","logo":{"@type":"ImageObject","inLanguage":"en-GB","@id":"http:\/\/chateaudedigoine.fr\/#\/schema\/logo\/image\/","url":"http:\/\/chateaudedigoine.fr\/wp-content\/uploads\/2019\/09\/logo_xl_jpg_brut-e1567431766367.jpg","contentUrl":"http:\/\/chateaudedigoine.fr\/wp-content\/uploads\/2019\/09\/logo_xl_jpg_brut-e1567431766367.jpg","width":750,"height":550,"caption":"Ch\u00e2teau de Digoine"},"image":{"@id":"http:\/\/chateaudedigoine.fr\/#\/schema\/logo\/image\/"},"sameAs":["https:\/\/fr-fr.facebook.com\/chateaudedigoine\/","https:\/\/www.instagram.com\/chateaudedigoine\/","https:\/\/www.youtube.com\/watch?v=rJiehT9rW20","https:\/\/fr.wikipedia.org\/wiki\/Ch\u00e2teau_de_Digoine_(Palinges)"]}]}},"_links":{"self":[{"href":"http:\/\/chateaudedigoine.fr\/en\/wp-json\/wp\/v2\/pages\/20","targetHints":{"allow":["GET"]}}],"collection":[{"href":"http:\/\/chateaudedigoine.fr\/en\/wp-json\/wp\/v2\/pages"}],"about":[{"href":"http:\/\/chateaudedigoine.fr\/en\/wp-json\/wp\/v2\/types\/page"}],"author":[{"embeddable":true,"href":"http:\/\/chateaudedigoine.fr\/en\/wp-json\/wp\/v2\/users\/1"}],"replies":[{"embeddable":true,"href":"http:\/\/chateaudedigoine.fr\/en\/wp-json\/wp\/v2\/comments?post=20"}],"version-history":[{"count":38,"href":"http:\/\/chateaudedigoine.fr\/en\/wp-json\/wp\/v2\/pages\/20\/revisions"}],"predecessor-version":[{"id":2261,"href":"http:\/\/chateaudedigoine.fr\/en\/wp-json\/wp\/v2\/pages\/20\/revisions\/2261"}],"wp:attachment":[{"href":"http:\/\/chateaudedigoine.fr\/en\/wp-json\/wp\/v2\/media?parent=20"}],"curies":[{"name":"wp","href":"https:\/\/api.w.org\/{rel}","templated":true}]}}